{"id":398619,"date":"2026-03-08T05:19:07","date_gmt":"2026-03-08T04:19:07","guid":{"rendered":"https:\/\/grupotextil.es\/producto\/chaqueta-softshell-printable-hombre\/"},"modified":"2026-03-08T05:19:07","modified_gmt":"2026-03-08T04:19:07","slug":"chaqueta-softshell-printable-hombre","status":"publish","type":"product","link":"https:\/\/grupotextil.es\/en\/product\/chaqueta-softshell-printable-hombre\/","title":{"rendered":"Chaqueta Softshell imprimible hombre"},"content":{"rendered":"<ul>\n<li>280 g\/m\u00b2<\/li>\n<li>100% polit\u00e8ster (2 capas)<\/li>\n<li>Exterior: sin elastano, posibilidad de impresi\u00f3n<\/li>\n<li>Interior: micro polar muy calido, 100% Poli\u00e9ster reciclado<\/li>\n<li>Puntos decorativos<\/li>\n<li>Cremallera entera con protector de barbilla<\/li>\n<li>Bolsillos delanteros con cremallera<\/li>\n<li>Pu\u00f1os el\u00e1sticos<\/li>\n<li>Etiqueta neutra<\/li>\n<li>Corte ajustado<\/li>\n<li>Apropriado para impresi\u00f3n y bordado<\/li>\n<li>Lavable a 60\u00baC<\/li>\n<\/ul>","protected":false},"excerpt":{"rendered":"<p>280 g\/m\u00b2100% polit\u00e8ster (2 capas)Exterior: sin elastano, posibilidad de impresi\u00f3nInterior: micro polar muy calido, 100% Poli\u00e9ster recicladoPuntos decorativosCremallera entera con protector de barbilla<\/p>","protected":false},"featured_media":426275,"comment_status":"open","ping_status":"closed","template":"","meta":{"_acf_changed":false},"product_brand":[11669],"product_cat":[13981,13990,13974,13975,13973],"product_tag":[14009],"class_list":{"0":"post-398619","1":"product","2":"type-product","3":"status-publish","4":"has-post-thumbnail","6":"product_brand-result","7":"product_cat-h-chaquetas-y-abrigos","8":"product_cat-m-chaquetas-y-abrigos","9":"product_cat-ropa-hombre","10":"product_cat-ropa-mujer","11":"product_cat-ropa","12":"product_tag-top-ventas","13":"tm-no-options","15":"first","16":"instock","17":"taxable","18":"shipping-taxable","19":"product-type-variable"},"acf":[],"_links":{"self":[{"href":"https:\/\/grupotextil.es\/en\/wp-json\/wp\/v2\/product\/398619","targetHints":{"allow":["GET"]}}],"collection":[{"href":"https:\/\/grupotextil.es\/en\/wp-json\/wp\/v2\/product"}],"about":[{"href":"https:\/\/grupotextil.es\/en\/wp-json\/wp\/v2\/types\/product"}],"replies":[{"embeddable":true,"href":"https:\/\/grupotextil.es\/en\/wp-json\/wp\/v2\/comments?post=398619"}],"wp:featuredmedia":[{"embeddable":true,"href":"https:\/\/grupotextil.es\/en\/wp-json\/wp\/v2\/media\/426275"}],"wp:attachment":[{"href":"https:\/\/grupotextil.es\/en\/wp-json\/wp\/v2\/media?parent=398619"}],"wp:term":[{"taxonomy":"product_brand","embeddable":true,"href":"https:\/\/grupotextil.es\/en\/wp-json\/wp\/v2\/product_brand?post=398619"},{"taxonomy":"product_cat","embeddable":true,"href":"https:\/\/grupotextil.es\/en\/wp-json\/wp\/v2\/product_cat?post=398619"},{"taxonomy":"product_tag","embeddable":true,"href":"https:\/\/grupotextil.es\/en\/wp-json\/wp\/v2\/product_tag?post=398619"}],"curies":[{"name":"wp","href":"https:\/\/api.w.org\/{rel}","templated":true}]}}