{"id":398728,"date":"2026-03-08T05:19:12","date_gmt":"2026-03-08T04:19:12","guid":{"rendered":"https:\/\/grupotextil.es\/producto\/chaqueta-micropolar-core-junior\/"},"modified":"2026-03-08T05:19:12","modified_gmt":"2026-03-08T04:19:12","slug":"chaqueta-micropolar-core-junior","status":"publish","type":"product","link":"https:\/\/grupotextil.es\/en\/product\/chaqueta-micropolar-core-junior\/","title":{"rendered":"Jacket micropolar Core junior"},"content":{"rendered":"<ul>\n<li>Exterior: 100 poli\u00e9ster (StormDri 2000 210T) recubrimiento de PU<\/li>\n<li>Interior: 180 g\/m\u00b2, 100% poli\u00e9ster (micropolar)<\/li>\n<li>Ligera<\/li>\n<li>Resistente al viento y al agua (2.000 mm)<\/li>\n<li>Capucha plegable y resistente al agua<\/li>\n<li>Cuello micropolar<\/li>\n<li>Cremallera entera<\/li>\n<li>Bolsillos laterales con cremallera<\/li>\n<li>Cinta reflectante a lo largo del panel de la parte inferior de la espalda<\/li>\n<li>Pu\u00f1os el\u00e1sticos cortaviento<\/li>\n<li>Costuras selladas<\/li>\n<li>COLORES DESCATALOGADOS: Se retiran 3 colores de la colecci\u00f3n Falk&amp;Ross (Todav\u00eda est\u00e1n en el portfolio del fabricante).<\/li>\n<\/ul>","protected":false},"excerpt":{"rendered":"<p>Exterior: 100 poli\u00e9ster (StormDri 2000 210T) recubrimiento de PUInterior: 180 g\/m\u00b2, 100% poli\u00e9ster (micropolar)LigeraResistente al viento y al agua (2.<\/p>","protected":false},"featured_media":426296,"comment_status":"open","ping_status":"closed","template":"","meta":{"_acf_changed":false},"product_brand":[11669],"product_cat":[13990,13974,13975,13973],"product_tag":[],"class_list":{"0":"post-398728","1":"product","2":"type-product","3":"status-publish","4":"has-post-thumbnail","6":"product_brand-result","7":"product_cat-m-chaquetas-y-abrigos","8":"product_cat-ropa-hombre","9":"product_cat-ropa-mujer","10":"product_cat-ropa","11":"tm-no-options","13":"first","14":"instock","15":"taxable","16":"shipping-taxable","17":"product-type-variable"},"acf":[],"_links":{"self":[{"href":"https:\/\/grupotextil.es\/en\/wp-json\/wp\/v2\/product\/398728","targetHints":{"allow":["GET"]}}],"collection":[{"href":"https:\/\/grupotextil.es\/en\/wp-json\/wp\/v2\/product"}],"about":[{"href":"https:\/\/grupotextil.es\/en\/wp-json\/wp\/v2\/types\/product"}],"replies":[{"embeddable":true,"href":"https:\/\/grupotextil.es\/en\/wp-json\/wp\/v2\/comments?post=398728"}],"wp:featuredmedia":[{"embeddable":true,"href":"https:\/\/grupotextil.es\/en\/wp-json\/wp\/v2\/media\/426296"}],"wp:attachment":[{"href":"https:\/\/grupotextil.es\/en\/wp-json\/wp\/v2\/media?parent=398728"}],"wp:term":[{"taxonomy":"product_brand","embeddable":true,"href":"https:\/\/grupotextil.es\/en\/wp-json\/wp\/v2\/product_brand?post=398728"},{"taxonomy":"product_cat","embeddable":true,"href":"https:\/\/grupotextil.es\/en\/wp-json\/wp\/v2\/product_cat?post=398728"},{"taxonomy":"product_tag","embeddable":true,"href":"https:\/\/grupotextil.es\/en\/wp-json\/wp\/v2\/product_tag?post=398728"}],"curies":[{"name":"wp","href":"https:\/\/api.w.org\/{rel}","templated":true}]}}