{"id":398853,"date":"2026-03-08T05:20:22","date_gmt":"2026-03-08T04:20:22","guid":{"rendered":"https:\/\/grupotextil.es\/producto\/manta-polar-polartherm\/"},"modified":"2026-03-08T05:20:22","modified_gmt":"2026-03-08T04:20:22","slug":"manta-polar-polartherm","status":"publish","type":"product","link":"https:\/\/grupotextil.es\/en\/product\/manta-polar-polartherm\/","title":{"rendered":"Manta polar Polartherm\u2122"},"content":{"rendered":"<ul>\n<li>300 g\/m\u00b2<\/li>\n<li>100% poli\u00e9ster, anti-bolitas; suave<\/li>\n<li>Lavable a m\u00e1quina<\/li>\n<li>Secado r\u00e1pido<\/li>\n<li>Ribete de color natural de contrastado<\/li>\n<li>Enrollado para una perfecta presentaci\u00f3n<\/li>\n<li>Medidas: 175 x 140 cm<\/li>\n<li>Adecuado para Bordado, Transfer y Laser<\/li>\n<\/ul>","protected":false},"excerpt":{"rendered":"<p>300 g\/m\u00b2100% poli\u00e9ster, anti-bolitas; suaveLavable a m\u00e1quinaSecado r\u00e1pidoRibete de color natural de contrastadoEnrollado para una perfecta presentaci\u00f3nMedidas: 175 x 140 cmAdecuado para Bordado, Trans<\/p>","protected":false},"featured_media":426330,"comment_status":"open","ping_status":"closed","template":"","meta":{"_acf_changed":false},"product_brand":[11669],"product_cat":[13990,13974,13975,13973],"product_tag":[],"class_list":{"0":"post-398853","1":"product","2":"type-product","3":"status-publish","4":"has-post-thumbnail","6":"product_brand-result","7":"product_cat-m-chaquetas-y-abrigos","8":"product_cat-ropa-hombre","9":"product_cat-ropa-mujer","10":"product_cat-ropa","11":"tm-no-options","13":"first","14":"instock","15":"taxable","16":"shipping-taxable","17":"product-type-variable"},"acf":[],"_links":{"self":[{"href":"https:\/\/grupotextil.es\/en\/wp-json\/wp\/v2\/product\/398853","targetHints":{"allow":["GET"]}}],"collection":[{"href":"https:\/\/grupotextil.es\/en\/wp-json\/wp\/v2\/product"}],"about":[{"href":"https:\/\/grupotextil.es\/en\/wp-json\/wp\/v2\/types\/product"}],"replies":[{"embeddable":true,"href":"https:\/\/grupotextil.es\/en\/wp-json\/wp\/v2\/comments?post=398853"}],"wp:featuredmedia":[{"embeddable":true,"href":"https:\/\/grupotextil.es\/en\/wp-json\/wp\/v2\/media\/426330"}],"wp:attachment":[{"href":"https:\/\/grupotextil.es\/en\/wp-json\/wp\/v2\/media?parent=398853"}],"wp:term":[{"taxonomy":"product_brand","embeddable":true,"href":"https:\/\/grupotextil.es\/en\/wp-json\/wp\/v2\/product_brand?post=398853"},{"taxonomy":"product_cat","embeddable":true,"href":"https:\/\/grupotextil.es\/en\/wp-json\/wp\/v2\/product_cat?post=398853"},{"taxonomy":"product_tag","embeddable":true,"href":"https:\/\/grupotextil.es\/en\/wp-json\/wp\/v2\/product_tag?post=398853"}],"curies":[{"name":"wp","href":"https:\/\/api.w.org\/{rel}","templated":true}]}}