{"id":399560,"date":"2026-03-08T05:24:15","date_gmt":"2026-03-08T04:24:15","guid":{"rendered":"https:\/\/grupotextil.es\/producto\/abrigo-reciclado-stormdri-4000-junior\/"},"modified":"2026-03-08T05:24:15","modified_gmt":"2026-03-08T04:24:15","slug":"abrigo-reciclado-stormdri-4000-junior","status":"publish","type":"product","link":"https:\/\/grupotextil.es\/en\/product\/abrigo-reciclado-stormdri-4000-junior\/","title":{"rendered":"Abrigo reciclado Stormdri 4000 Junior"},"content":{"rendered":"<ul>\n<li>200g\/m\u00b2<\/li>\n<li>100% poli\u00e9ster reciclado<\/li>\n<li>Corta viento e impermeable<\/li>\n<li>Cortavientos e Impermeablo (4.000 mm)<\/li>\n<li>Costuras de doble puntada selladas<\/li>\n<li>Capucha oculta en el cuello con banda con cierre<\/li>\n<li>Cremallera completa reversible con solapa de cierre<\/li>\n<li>Pu\u00f1os el\u00e1sticos<\/li>\n<li>Bolsillos laterales con cremallera y etiqueta para el nombre y la clase<\/li>\n<li>Acceso para decoraci\u00f3n en la espalda<\/li>\n<li>Adecuado para: Exterior : bordado, impresi\u00f3n directa,serigraf\u00eda, trasnfer. Reverso:bordado y transfer digital<\/li>\n<li>COLORES DESCATALOGADOS: Se retiran 4 colores de la colecci\u00f3n Falk&amp;Ross (Todav\u00eda est\u00e1n en el portfolio del fabricante).<\/li>\n<\/ul>","protected":false},"excerpt":{"rendered":"<p>200g\/m\u00b2100% poli\u00e9ster recicladoCorta viento e impermeableCortavientos e Impermeablo (4.000 mm)Costuras de doble puntada selladasCapucha oculta en el cuello con banda con cierreCremallera completa r&#8230;<\/p>","protected":false},"featured_media":426533,"comment_status":"open","ping_status":"closed","template":"","meta":{"_acf_changed":false},"product_brand":[11669],"product_cat":[13991,13982,13981,13990,13974,13975,13973],"product_tag":[],"class_list":{"0":"post-399560","1":"product","2":"type-product","3":"status-publish","4":"has-post-thumbnail","6":"product_brand-result","7":"product_cat-m-chalecos","8":"product_cat-h-chalecos","9":"product_cat-h-chaquetas-y-abrigos","10":"product_cat-m-chaquetas-y-abrigos","11":"product_cat-ropa-hombre","12":"product_cat-ropa-mujer","13":"product_cat-ropa","14":"tm-no-options","16":"first","17":"instock","18":"taxable","19":"shipping-taxable","20":"product-type-variable"},"acf":[],"_links":{"self":[{"href":"https:\/\/grupotextil.es\/en\/wp-json\/wp\/v2\/product\/399560","targetHints":{"allow":["GET"]}}],"collection":[{"href":"https:\/\/grupotextil.es\/en\/wp-json\/wp\/v2\/product"}],"about":[{"href":"https:\/\/grupotextil.es\/en\/wp-json\/wp\/v2\/types\/product"}],"replies":[{"embeddable":true,"href":"https:\/\/grupotextil.es\/en\/wp-json\/wp\/v2\/comments?post=399560"}],"wp:featuredmedia":[{"embeddable":true,"href":"https:\/\/grupotextil.es\/en\/wp-json\/wp\/v2\/media\/426533"}],"wp:attachment":[{"href":"https:\/\/grupotextil.es\/en\/wp-json\/wp\/v2\/media?parent=399560"}],"wp:term":[{"taxonomy":"product_brand","embeddable":true,"href":"https:\/\/grupotextil.es\/en\/wp-json\/wp\/v2\/product_brand?post=399560"},{"taxonomy":"product_cat","embeddable":true,"href":"https:\/\/grupotextil.es\/en\/wp-json\/wp\/v2\/product_cat?post=399560"},{"taxonomy":"product_tag","embeddable":true,"href":"https:\/\/grupotextil.es\/en\/wp-json\/wp\/v2\/product_tag?post=399560"}],"curies":[{"name":"wp","href":"https:\/\/api.w.org\/{rel}","templated":true}]}}