{"id":400233,"date":"2026-03-08T05:25:10","date_gmt":"2026-03-08T04:25:10","guid":{"rendered":"https:\/\/grupotextil.es\/producto\/polar-cremallera-1-4-hombre\/"},"modified":"2026-03-08T05:25:10","modified_gmt":"2026-03-08T04:25:10","slug":"polar-cremallera-1-4-hombre","status":"publish","type":"product","link":"https:\/\/grupotextil.es\/en\/product\/polar-cremallera-1-4-hombre\/","title":{"rendered":"Polar cremallera 1\/4 hombre"},"content":{"rendered":"<ul>\n<li>170 g\/m\u00b2<\/li>\n<li>100% poli\u00e9ster (micropolar con tratamiento anti-bolitas)<\/li>\n<li>Transpirable<\/li>\n<li>Tacto suave<\/li>\n<li>Cuello alto<\/li>\n<li>Cuello encintado de poli\u00e9ster<\/li>\n<li>Canes\u00fa trasero en cuello<\/li>\n<li>Media cremallera con solapa interior<\/li>\n<li>Costuras laterales<\/li>\n<li>Dobladillo ajustable<\/li>\n<li>Corte normal<\/li>\n<\/ul>","protected":false},"excerpt":{"rendered":"<p>170 g\/m\u00b2100% poli\u00e9ster (micropolar con tratamiento anti-bolitas)TranspirableTacto suaveCuello altoCuello encintado de poli\u00e9sterCanes\u00fa trasero en cuelloMedia cremallera con solapa interiorCosturas late<\/p>","protected":false},"featured_media":426743,"comment_status":"open","ping_status":"closed","template":"","meta":{"_acf_changed":false},"product_brand":[11658],"product_cat":[13981,13974,13973],"product_tag":[],"class_list":{"0":"post-400233","1":"product","2":"type-product","3":"status-publish","4":"has-post-thumbnail","6":"product_brand-stedman","7":"product_cat-h-chaquetas-y-abrigos","8":"product_cat-ropa-hombre","9":"product_cat-ropa","10":"tm-no-options","12":"first","13":"instock","14":"taxable","15":"shipping-taxable","16":"product-type-variable"},"acf":[],"_links":{"self":[{"href":"https:\/\/grupotextil.es\/en\/wp-json\/wp\/v2\/product\/400233","targetHints":{"allow":["GET"]}}],"collection":[{"href":"https:\/\/grupotextil.es\/en\/wp-json\/wp\/v2\/product"}],"about":[{"href":"https:\/\/grupotextil.es\/en\/wp-json\/wp\/v2\/types\/product"}],"replies":[{"embeddable":true,"href":"https:\/\/grupotextil.es\/en\/wp-json\/wp\/v2\/comments?post=400233"}],"wp:featuredmedia":[{"embeddable":true,"href":"https:\/\/grupotextil.es\/en\/wp-json\/wp\/v2\/media\/426743"}],"wp:attachment":[{"href":"https:\/\/grupotextil.es\/en\/wp-json\/wp\/v2\/media?parent=400233"}],"wp:term":[{"taxonomy":"product_brand","embeddable":true,"href":"https:\/\/grupotextil.es\/en\/wp-json\/wp\/v2\/product_brand?post=400233"},{"taxonomy":"product_cat","embeddable":true,"href":"https:\/\/grupotextil.es\/en\/wp-json\/wp\/v2\/product_cat?post=400233"},{"taxonomy":"product_tag","embeddable":true,"href":"https:\/\/grupotextil.es\/en\/wp-json\/wp\/v2\/product_tag?post=400233"}],"curies":[{"name":"wp","href":"https:\/\/api.w.org\/{rel}","templated":true}]}}