{"id":400338,"date":"2026-03-08T05:25:15","date_gmt":"2026-03-08T04:25:15","guid":{"rendered":"https:\/\/grupotextil.es\/producto\/chaqueta-polar-impermeable-windprotek\/"},"modified":"2026-03-08T05:25:15","modified_gmt":"2026-03-08T04:25:15","slug":"chaqueta-polar-impermeable-windprotek","status":"publish","type":"product","link":"https:\/\/grupotextil.es\/en\/product\/chaqueta-polar-impermeable-windprotek\/","title":{"rendered":"Jacket polar impermeable WindProtek"},"content":{"rendered":"<ul>\n<li>320 g\/m\u00b2<\/li>\n<li>100% poli\u00e9ster micropolar antibolitas<\/li>\n<li>Membrana traspirable entre exterior e interior<\/li>\n<li>Cuello alto<\/li>\n<li>Pu\u00f1os el\u00e1sticos<\/li>\n<li>Cremallera entera<\/li>\n<li>Solapa resistente al viento en el interior<\/li>\n<li>Bolsillos laterales con cremallera<\/li>\n<li>Bajo con cord\u00f3n el\u00e1stico ajustable y topes<\/li>\n<\/ul>","protected":false},"excerpt":{"rendered":"<p>320 g\/m\u00b2100% poli\u00e9ster micropolar antibolitasMembrana traspirable entre exterior e interiorCuello altoPu\u00f1os el\u00e1sticosCremallera enteraSolapa resistente al viento en el interiorBolsillos laterales con<\/p>","protected":false},"featured_media":426768,"comment_status":"open","ping_status":"closed","template":"","meta":{"_acf_changed":false},"product_brand":[11653],"product_cat":[13948,13981,13990,13974,13975,13973],"product_tag":[],"class_list":{"0":"post-400338","1":"product","2":"type-product","3":"status-publish","4":"has-post-thumbnail","6":"product_brand-b-c","7":"product_cat-accesorios","8":"product_cat-h-chaquetas-y-abrigos","9":"product_cat-m-chaquetas-y-abrigos","10":"product_cat-ropa-hombre","11":"product_cat-ropa-mujer","12":"product_cat-ropa","13":"tm-no-options","15":"first","16":"instock","17":"taxable","18":"shipping-taxable","19":"product-type-variable"},"acf":[],"_links":{"self":[{"href":"https:\/\/grupotextil.es\/en\/wp-json\/wp\/v2\/product\/400338","targetHints":{"allow":["GET"]}}],"collection":[{"href":"https:\/\/grupotextil.es\/en\/wp-json\/wp\/v2\/product"}],"about":[{"href":"https:\/\/grupotextil.es\/en\/wp-json\/wp\/v2\/types\/product"}],"replies":[{"embeddable":true,"href":"https:\/\/grupotextil.es\/en\/wp-json\/wp\/v2\/comments?post=400338"}],"wp:featuredmedia":[{"embeddable":true,"href":"https:\/\/grupotextil.es\/en\/wp-json\/wp\/v2\/media\/426768"}],"wp:attachment":[{"href":"https:\/\/grupotextil.es\/en\/wp-json\/wp\/v2\/media?parent=400338"}],"wp:term":[{"taxonomy":"product_brand","embeddable":true,"href":"https:\/\/grupotextil.es\/en\/wp-json\/wp\/v2\/product_brand?post=400338"},{"taxonomy":"product_cat","embeddable":true,"href":"https:\/\/grupotextil.es\/en\/wp-json\/wp\/v2\/product_cat?post=400338"},{"taxonomy":"product_tag","embeddable":true,"href":"https:\/\/grupotextil.es\/en\/wp-json\/wp\/v2\/product_tag?post=400338"}],"curies":[{"name":"wp","href":"https:\/\/api.w.org\/{rel}","templated":true}]}}