{"id":400525,"date":"2026-03-08T05:25:26","date_gmt":"2026-03-08T04:25:26","guid":{"rendered":"https:\/\/grupotextil.es\/producto\/chaqueta-cheltenham-gold\/"},"modified":"2026-03-08T05:25:26","modified_gmt":"2026-03-08T04:25:26","slug":"chaqueta-cheltenham-gold","status":"publish","type":"product","link":"https:\/\/grupotextil.es\/en\/product\/chaqueta-cheltenham-gold\/","title":{"rendered":"Jacket Cheltenham Gold"},"content":{"rendered":"<ul>\n<li>100% nylon con capa poliacr\u00edlica<\/li>\n<li>Interior: 100% poli\u00e9ster<\/li>\n<li>Forro: polar 100% poli\u00e9ster (220 g\/m\u00b2)<\/li>\n<li>Cuello de pana<\/li>\n<li>Cremallera de doble carro con solapa protectora con corchetes<\/li>\n<li>Bolsillo en el pecho con cremallera, bolsillos de parche con corchetes y con laterales calienta-manos<\/li>\n<li>Aberturas traseras con corchetes<\/li>\n<li>Detalle en el panel trasero<\/li>\n<li>Apropiado para bordar<\/li>\n<\/ul>","protected":false},"excerpt":{"rendered":"<p>100% nylon con capa poliacr\u00edlicaInterior: 100% poli\u00e9sterForro: polar 100% poli\u00e9ster (220 g\/m\u00b2)Cuello de panaCremallera de doble carro con solapa protectora con corchetesBolsillo en el pecho con cremal<\/p>","protected":false},"featured_media":426837,"comment_status":"open","ping_status":"closed","template":"","meta":{"_acf_changed":false},"product_brand":[11669],"product_cat":[13948,13981,13990,13974,13975,13973],"product_tag":[],"class_list":{"0":"post-400525","1":"product","2":"type-product","3":"status-publish","4":"has-post-thumbnail","6":"product_brand-result","7":"product_cat-accesorios","8":"product_cat-h-chaquetas-y-abrigos","9":"product_cat-m-chaquetas-y-abrigos","10":"product_cat-ropa-hombre","11":"product_cat-ropa-mujer","12":"product_cat-ropa","13":"tm-no-options","15":"first","16":"instock","17":"taxable","18":"shipping-taxable","19":"product-type-variable"},"acf":[],"_links":{"self":[{"href":"https:\/\/grupotextil.es\/en\/wp-json\/wp\/v2\/product\/400525","targetHints":{"allow":["GET"]}}],"collection":[{"href":"https:\/\/grupotextil.es\/en\/wp-json\/wp\/v2\/product"}],"about":[{"href":"https:\/\/grupotextil.es\/en\/wp-json\/wp\/v2\/types\/product"}],"replies":[{"embeddable":true,"href":"https:\/\/grupotextil.es\/en\/wp-json\/wp\/v2\/comments?post=400525"}],"wp:featuredmedia":[{"embeddable":true,"href":"https:\/\/grupotextil.es\/en\/wp-json\/wp\/v2\/media\/426837"}],"wp:attachment":[{"href":"https:\/\/grupotextil.es\/en\/wp-json\/wp\/v2\/media?parent=400525"}],"wp:term":[{"taxonomy":"product_brand","embeddable":true,"href":"https:\/\/grupotextil.es\/en\/wp-json\/wp\/v2\/product_brand?post=400525"},{"taxonomy":"product_cat","embeddable":true,"href":"https:\/\/grupotextil.es\/en\/wp-json\/wp\/v2\/product_cat?post=400525"},{"taxonomy":"product_tag","embeddable":true,"href":"https:\/\/grupotextil.es\/en\/wp-json\/wp\/v2\/product_tag?post=400525"}],"curies":[{"name":"wp","href":"https:\/\/api.w.org\/{rel}","templated":true}]}}