{"id":400937,"date":"2026-03-08T05:29:06","date_gmt":"2026-03-08T04:29:06","guid":{"rendered":"https:\/\/grupotextil.es\/producto\/tote-grande-puerto\/"},"modified":"2026-03-08T05:29:06","modified_gmt":"2026-03-08T04:29:06","slug":"tote-grande-puerto","status":"publish","type":"product","link":"https:\/\/grupotextil.es\/en\/product\/tote-grande-puerto\/","title":{"rendered":"Tote Grande Puerto"},"content":{"rendered":"<ul>\n<li>66% poli\u00e9ster, 23% algod\u00f3n, 11% otras fibras<\/li>\n<li>Forro: 100% poli\u00e9ster (reciclado)<\/li>\n<li>Bolsillo interior con cremallera para objetos de valor<\/li>\n<li>Tejido de sarga de primera calidad<\/li>\n<li>Dise\u00f1o estructurado<\/li>\n<li>Cremallera oculta en el forro para acceder f\u00e1cilmente a la decoraci\u00f3n.<\/li>\n<li>Z\u00f3calo interior<\/li>\n<li>Forro suave al tacto<\/li>\n<li>Ribete de borde de tejido propio<\/li>\n<li>Adornos de metal dorado de alto brillo.<\/li>\n<li>Asas de transporte de tela propia<\/li>\n<li>Se puede llevar en la mano o sobre el hombro.<\/li>\n<li>etiqueta extra\u00edble para facilitar el cambio de marca<\/li>\n<\/ul>","protected":false},"excerpt":{"rendered":"<p>66% poli\u00e9ster, 23% algod\u00f3n, 11% otras fibrasForro: 100% poli\u00e9ster (reciclado)Bolsillo interior con cremallera para objetos de valorTejido de sarga de primera calidadDise\u00f1o estructuradoCremallera oc&#8230;<\/p>","protected":false},"featured_media":426994,"comment_status":"open","ping_status":"closed","template":"","meta":{"_acf_changed":false},"product_brand":[11657],"product_cat":[13948,13954,13939,13974,13930,13975,13983,13992,13973],"product_tag":[],"class_list":{"0":"post-400937","1":"product","2":"type-product","3":"status-publish","4":"has-post-thumbnail","6":"product_brand-quadra","7":"product_cat-accesorios","8":"product_cat-acc-bolsas-y-mochilas","9":"product_cat-deportivo","10":"product_cat-ropa-hombre","11":"product_cat-laboral","12":"product_cat-ropa-mujer","13":"product_cat-h-pantalones","14":"product_cat-m-pantalones","15":"product_cat-ropa","16":"tm-no-options","18":"first","19":"instock","20":"taxable","21":"shipping-taxable","22":"product-type-variable"},"acf":[],"_links":{"self":[{"href":"https:\/\/grupotextil.es\/en\/wp-json\/wp\/v2\/product\/400937","targetHints":{"allow":["GET"]}}],"collection":[{"href":"https:\/\/grupotextil.es\/en\/wp-json\/wp\/v2\/product"}],"about":[{"href":"https:\/\/grupotextil.es\/en\/wp-json\/wp\/v2\/types\/product"}],"replies":[{"embeddable":true,"href":"https:\/\/grupotextil.es\/en\/wp-json\/wp\/v2\/comments?post=400937"}],"wp:featuredmedia":[{"embeddable":true,"href":"https:\/\/grupotextil.es\/en\/wp-json\/wp\/v2\/media\/426994"}],"wp:attachment":[{"href":"https:\/\/grupotextil.es\/en\/wp-json\/wp\/v2\/media?parent=400937"}],"wp:term":[{"taxonomy":"product_brand","embeddable":true,"href":"https:\/\/grupotextil.es\/en\/wp-json\/wp\/v2\/product_brand?post=400937"},{"taxonomy":"product_cat","embeddable":true,"href":"https:\/\/grupotextil.es\/en\/wp-json\/wp\/v2\/product_cat?post=400937"},{"taxonomy":"product_tag","embeddable":true,"href":"https:\/\/grupotextil.es\/en\/wp-json\/wp\/v2\/product_tag?post=400937"}],"curies":[{"name":"wp","href":"https:\/\/api.w.org\/{rel}","templated":true}]}}