{"id":400940,"date":"2026-03-08T05:29:06","date_gmt":"2026-03-08T04:29:06","guid":{"rendered":"https:\/\/grupotextil.es\/producto\/chaqueta-sabre\/"},"modified":"2026-03-08T05:29:06","modified_gmt":"2026-03-08T04:29:06","slug":"chaqueta-sabre","status":"publish","type":"product","link":"https:\/\/grupotextil.es\/en\/product\/chaqueta-sabre\/","title":{"rendered":"Jacket Sabre"},"content":{"rendered":"<ul>\n<li>280 g\/m\u00b2<\/li>\n<li>Cuerpo principal: 63% poli\u00e9ster, 34% algod\u00f3n, 3% elast\u00e1n<\/li>\n<li>Contraste: 320 g\/m\u00b2; exterior: 93% poli\u00e9ster, 7% elast\u00e1n; intermedio: membrana TPU (8.000 mm); interior: 100% poli\u00e9ster (micropolar)<\/li>\n<li>Forro: 65% poli\u00e9ster, 35% algod\u00f3n<\/li>\n<li>Softshell de 3 capas, transpirable (1.000 g\/m\u00b2 en 24h)<\/li>\n<li>Protege del viento y repele el agua<\/li>\n<li>Cuello alto<\/li>\n<li>Cremallera entera con sistema de intercambio de color y solapa interior<\/li>\n<li>Paneles decorativos delante, detr\u00e1s y en manga<\/li>\n<li>Bolsillos en pecho y laterales con cremallera, bolsillo en la manga con cremallera con detalle reflectante<\/li>\n<li>Pu\u00f1os ajustables<\/li>\n<li>Espalda m\u00e1s larga<\/li>\n<li>Apropiado para bordar<\/li>\n<\/ul>","protected":false},"excerpt":{"rendered":"<p>280 g\/m\u00b2Cuerpo principal: 63% poli\u00e9ster, 34% algod\u00f3n, 3% elast\u00e1nContraste: 320 g\/m\u00b2; exterior: 93% poli\u00e9ster, 7% elast\u00e1n; intermedio: membrana TPU (8.<\/p>","protected":false},"featured_media":427004,"comment_status":"open","ping_status":"closed","template":"","meta":{"_acf_changed":false},"product_brand":[11669],"product_cat":[13948,13954,13939,13974,13930,13975,13992,13983,13973],"product_tag":[],"class_list":{"0":"post-400940","1":"product","2":"type-product","3":"status-publish","4":"has-post-thumbnail","6":"product_brand-result","7":"product_cat-accesorios","8":"product_cat-acc-bolsas-y-mochilas","9":"product_cat-deportivo","10":"product_cat-ropa-hombre","11":"product_cat-laboral","12":"product_cat-ropa-mujer","13":"product_cat-m-pantalones","14":"product_cat-h-pantalones","15":"product_cat-ropa","16":"tm-no-options","18":"first","19":"instock","20":"taxable","21":"shipping-taxable","22":"product-type-variable"},"acf":[],"_links":{"self":[{"href":"https:\/\/grupotextil.es\/en\/wp-json\/wp\/v2\/product\/400940","targetHints":{"allow":["GET"]}}],"collection":[{"href":"https:\/\/grupotextil.es\/en\/wp-json\/wp\/v2\/product"}],"about":[{"href":"https:\/\/grupotextil.es\/en\/wp-json\/wp\/v2\/types\/product"}],"replies":[{"embeddable":true,"href":"https:\/\/grupotextil.es\/en\/wp-json\/wp\/v2\/comments?post=400940"}],"wp:featuredmedia":[{"embeddable":true,"href":"https:\/\/grupotextil.es\/en\/wp-json\/wp\/v2\/media\/427004"}],"wp:attachment":[{"href":"https:\/\/grupotextil.es\/en\/wp-json\/wp\/v2\/media?parent=400940"}],"wp:term":[{"taxonomy":"product_brand","embeddable":true,"href":"https:\/\/grupotextil.es\/en\/wp-json\/wp\/v2\/product_brand?post=400940"},{"taxonomy":"product_cat","embeddable":true,"href":"https:\/\/grupotextil.es\/en\/wp-json\/wp\/v2\/product_cat?post=400940"},{"taxonomy":"product_tag","embeddable":true,"href":"https:\/\/grupotextil.es\/en\/wp-json\/wp\/v2\/product_tag?post=400940"}],"curies":[{"name":"wp","href":"https:\/\/api.w.org\/{rel}","templated":true}]}}