{"id":400990,"date":"2026-03-08T05:29:13","date_gmt":"2026-03-08T04:29:13","guid":{"rendered":"https:\/\/grupotextil.es\/producto\/boina-tradicional-bakerboy\/"},"modified":"2026-03-08T05:29:13","modified_gmt":"2026-03-08T04:29:13","slug":"boina-tradicional-bakerboy","status":"publish","type":"product","link":"https:\/\/grupotextil.es\/en\/product\/boina-tradicional-bakerboy\/","title":{"rendered":"Boina tradicional Bakerboy"},"content":{"rendered":"<ul>\n<li>61% poli\u00e9ster, 16% viscosa, 13% poliacr\u00edlico, 10% otras fibras<\/li>\n<li>Tejido de espiguilla<\/li>\n<li>Forrado interior completo<\/li>\n<li>Bot\u00f3n cosido<\/li>\n<li>Etiqueta TearAway para facilitar el rebranding<\/li>\n<li>Unisex<\/li>\n<\/ul>","protected":false},"excerpt":{"rendered":"<p>61% poli\u00e9ster, 16% viscosa, 13% poliacr\u00edlico, 10% otras fibrasTejido de espiguillaForrado interior completoBot\u00f3n cosidoEtiqueta TearAway para facilitar el rebrandingUnisex<\/p>","protected":false},"featured_media":427024,"comment_status":"open","ping_status":"closed","template":"","meta":{"_acf_changed":false},"product_brand":[11655],"product_cat":[13948,13954,13939,13974,13930,13975,13983,13992,13973],"product_tag":[],"class_list":{"0":"post-400990","1":"product","2":"type-product","3":"status-publish","4":"has-post-thumbnail","6":"product_brand-beechfield","7":"product_cat-accesorios","8":"product_cat-acc-bolsas-y-mochilas","9":"product_cat-deportivo","10":"product_cat-ropa-hombre","11":"product_cat-laboral","12":"product_cat-ropa-mujer","13":"product_cat-h-pantalones","14":"product_cat-m-pantalones","15":"product_cat-ropa","16":"tm-no-options","18":"first","19":"instock","20":"taxable","21":"shipping-taxable","22":"product-type-variable"},"acf":[],"_links":{"self":[{"href":"https:\/\/grupotextil.es\/en\/wp-json\/wp\/v2\/product\/400990","targetHints":{"allow":["GET"]}}],"collection":[{"href":"https:\/\/grupotextil.es\/en\/wp-json\/wp\/v2\/product"}],"about":[{"href":"https:\/\/grupotextil.es\/en\/wp-json\/wp\/v2\/types\/product"}],"replies":[{"embeddable":true,"href":"https:\/\/grupotextil.es\/en\/wp-json\/wp\/v2\/comments?post=400990"}],"wp:featuredmedia":[{"embeddable":true,"href":"https:\/\/grupotextil.es\/en\/wp-json\/wp\/v2\/media\/427024"}],"wp:attachment":[{"href":"https:\/\/grupotextil.es\/en\/wp-json\/wp\/v2\/media?parent=400990"}],"wp:term":[{"taxonomy":"product_brand","embeddable":true,"href":"https:\/\/grupotextil.es\/en\/wp-json\/wp\/v2\/product_brand?post=400990"},{"taxonomy":"product_cat","embeddable":true,"href":"https:\/\/grupotextil.es\/en\/wp-json\/wp\/v2\/product_cat?post=400990"},{"taxonomy":"product_tag","embeddable":true,"href":"https:\/\/grupotextil.es\/en\/wp-json\/wp\/v2\/product_tag?post=400990"}],"curies":[{"name":"wp","href":"https:\/\/api.w.org\/{rel}","templated":true}]}}