{"id":400995,"date":"2026-03-08T05:29:14","date_gmt":"2026-03-08T04:29:14","guid":{"rendered":"https:\/\/grupotextil.es\/producto\/pantalon-jogger-iconic-premium-con-punos-elasticos\/"},"modified":"2026-03-08T05:29:14","modified_gmt":"2026-03-08T04:29:14","slug":"pantalon-jogger-iconic-premium-con-punos-elasticos","status":"publish","type":"product","link":"https:\/\/grupotextil.es\/en\/product\/pantalon-jogger-iconic-premium-con-punos-elasticos\/","title":{"rendered":"Pantal\u00f3n jogger Iconic Premium con pu\u00f1os el\u00e1sticos"},"content":{"rendered":"<ul>\n<li>300 g\/m\u00b2<\/li>\n<li>70 % algod\u00f3n peinado ring-spun, 30 % poli\u00e9ster (fabricado con fibras CiCLO\u00ae)<\/li>\n<li>(Jaspeado atl\u00e9tico: 67 % algod\u00f3m peinado ring-spun, 33 % poli\u00e9ster)<\/li>\n<li>Corte cl\u00e1sico<\/li>\n<li>Cintura el\u00e1stica con cord\u00f3n<\/li>\n<li>Bolsillos laterales<\/li>\n<li>Pu\u00f1os el\u00e1sticos<\/li>\n<li>Superficie de algod\u00f3n suave para mejores resultados de personalizaci\u00f3n<\/li>\n<li>Forro polar interior cepillado.<\/li>\n<\/ul>","protected":false},"excerpt":{"rendered":"<p>300 g\/m\u00b270 % algod\u00f3n peinado ring-spun, 30 % poli\u00e9ster (fabricado con fibras CiCLO\u00ae)(Jaspeado atl\u00e9tico: 67 % algod\u00f3m peinado ring-spun, 33 % poli\u00e9ster)Corte cl\u00e1sicoCintura el\u00e1stica con cord\u00f3nBolsil&#8230;<\/p>","protected":false},"featured_media":427030,"comment_status":"open","ping_status":"closed","template":"","meta":{"_acf_changed":false},"product_brand":[11665],"product_cat":[13939,13974,13975,13983,13992,13973],"product_tag":[14010],"class_list":{"0":"post-400995","1":"product","2":"type-product","3":"status-publish","4":"has-post-thumbnail","6":"product_brand-fruit-of-the-loom","7":"product_cat-deportivo","8":"product_cat-ropa-hombre","9":"product_cat-ropa-mujer","10":"product_cat-h-pantalones","11":"product_cat-m-pantalones","12":"product_cat-ropa","13":"product_tag-nuevo-2026","14":"tm-no-options","16":"first","17":"instock","18":"taxable","19":"shipping-taxable","20":"product-type-variable"},"acf":[],"_links":{"self":[{"href":"https:\/\/grupotextil.es\/en\/wp-json\/wp\/v2\/product\/400995","targetHints":{"allow":["GET"]}}],"collection":[{"href":"https:\/\/grupotextil.es\/en\/wp-json\/wp\/v2\/product"}],"about":[{"href":"https:\/\/grupotextil.es\/en\/wp-json\/wp\/v2\/types\/product"}],"replies":[{"embeddable":true,"href":"https:\/\/grupotextil.es\/en\/wp-json\/wp\/v2\/comments?post=400995"}],"wp:featuredmedia":[{"embeddable":true,"href":"https:\/\/grupotextil.es\/en\/wp-json\/wp\/v2\/media\/427030"}],"wp:attachment":[{"href":"https:\/\/grupotextil.es\/en\/wp-json\/wp\/v2\/media?parent=400995"}],"wp:term":[{"taxonomy":"product_brand","embeddable":true,"href":"https:\/\/grupotextil.es\/en\/wp-json\/wp\/v2\/product_brand?post=400995"},{"taxonomy":"product_cat","embeddable":true,"href":"https:\/\/grupotextil.es\/en\/wp-json\/wp\/v2\/product_cat?post=400995"},{"taxonomy":"product_tag","embeddable":true,"href":"https:\/\/grupotextil.es\/en\/wp-json\/wp\/v2\/product_tag?post=400995"}],"curies":[{"name":"wp","href":"https:\/\/api.w.org\/{rel}","templated":true}]}}