{"id":401099,"date":"2026-03-08T05:30:00","date_gmt":"2026-03-08T04:30:00","guid":{"rendered":"https:\/\/grupotextil.es\/producto\/gorra-retro-reflectante\/"},"modified":"2026-03-08T05:30:00","modified_gmt":"2026-03-08T04:30:00","slug":"gorra-retro-reflectante","status":"publish","type":"product","link":"https:\/\/grupotextil.es\/en\/product\/gorra-retro-reflectante\/","title":{"rendered":"Cap Retro Reflectante"},"content":{"rendered":"<ul>\n<li>74% poli\u00e9ster, 26% algod\u00f3n<\/li>\n<li>Cierre a presi\u00f3n<\/li>\n<li>Material reflectante \u00fanico<\/li>\n<li>Ligero.<\/li>\n<\/ul>","protected":false},"excerpt":{"rendered":"<p>74% poli\u00e9ster, 26% algod\u00f3nCierre a presi\u00f3nMaterial reflectante \u00fanicoLigero.<\/p>","protected":false},"featured_media":427086,"comment_status":"open","ping_status":"closed","template":"","meta":{"_acf_changed":false},"product_brand":[11678],"product_cat":[13948,13954,13939,13974,13930,13975,13983,13992,13973],"product_tag":[],"class_list":{"0":"post-401099","1":"product","2":"type-product","3":"status-publish","4":"has-post-thumbnail","6":"product_brand-flexfit","7":"product_cat-accesorios","8":"product_cat-acc-bolsas-y-mochilas","9":"product_cat-deportivo","10":"product_cat-ropa-hombre","11":"product_cat-laboral","12":"product_cat-ropa-mujer","13":"product_cat-h-pantalones","14":"product_cat-m-pantalones","15":"product_cat-ropa","16":"tm-no-options","18":"first","19":"instock","20":"taxable","21":"shipping-taxable","22":"product-type-variable"},"acf":[],"_links":{"self":[{"href":"https:\/\/grupotextil.es\/en\/wp-json\/wp\/v2\/product\/401099","targetHints":{"allow":["GET"]}}],"collection":[{"href":"https:\/\/grupotextil.es\/en\/wp-json\/wp\/v2\/product"}],"about":[{"href":"https:\/\/grupotextil.es\/en\/wp-json\/wp\/v2\/types\/product"}],"replies":[{"embeddable":true,"href":"https:\/\/grupotextil.es\/en\/wp-json\/wp\/v2\/comments?post=401099"}],"wp:featuredmedia":[{"embeddable":true,"href":"https:\/\/grupotextil.es\/en\/wp-json\/wp\/v2\/media\/427086"}],"wp:attachment":[{"href":"https:\/\/grupotextil.es\/en\/wp-json\/wp\/v2\/media?parent=401099"}],"wp:term":[{"taxonomy":"product_brand","embeddable":true,"href":"https:\/\/grupotextil.es\/en\/wp-json\/wp\/v2\/product_brand?post=401099"},{"taxonomy":"product_cat","embeddable":true,"href":"https:\/\/grupotextil.es\/en\/wp-json\/wp\/v2\/product_cat?post=401099"},{"taxonomy":"product_tag","embeddable":true,"href":"https:\/\/grupotextil.es\/en\/wp-json\/wp\/v2\/product_tag?post=401099"}],"curies":[{"name":"wp","href":"https:\/\/api.w.org\/{rel}","templated":true}]}}