{"id":401257,"date":"2026-03-08T05:31:19","date_gmt":"2026-03-08T04:31:19","guid":{"rendered":"https:\/\/grupotextil.es\/producto\/pantalon-corto-iconic-250\/"},"modified":"2026-03-08T05:31:19","modified_gmt":"2026-03-08T04:31:19","slug":"pantalon-corto-iconic-250","status":"publish","type":"product","link":"https:\/\/grupotextil.es\/en\/product\/pantalon-corto-iconic-250\/","title":{"rendered":"Trouser corto Iconic 250"},"content":{"rendered":"<ul>\n<li>240 g\/m\u00b2<\/li>\n<li>(Blanco\/jaspeado: 230 g\/m\u00b2)<\/li>\n<li>80 % algod\u00f3n peinado ring-spun, 20 % poli\u00e9ster (fabricado con fibras CiCLO\u00ae)<\/li>\n<li>(Jaspeado atl\u00e9tico: 75 % algod\u00f3n peinado ring-spun, 25 % poli\u00e9ster)<\/li>\n<li>Corte cl\u00e1sico<\/li>\n<li>Cintura el\u00e1stica con cord\u00f3n<\/li>\n<li>Bolsillos laterales<\/li>\n<li>Superficie de algod\u00f3n suave para mejores resultados de personalizaci\u00f3n<\/li>\n<li>Forro polar interior cepillado.<\/li>\n<\/ul>","protected":false},"excerpt":{"rendered":"<p>240 g\/m\u00b2(Blanco\/jaspeado: 230 g\/m\u00b2)80 % algod\u00f3n peinado ring-spun, 20 % poli\u00e9ster (fabricado con fibras CiCLO\u00ae)(Jaspeado atl\u00e9tico: 75 % algod\u00f3n peinado ring-spun, 25 % poli\u00e9ster)Corte cl\u00e1sicoCintur&#8230;<\/p>","protected":false},"featured_media":427181,"comment_status":"open","ping_status":"closed","template":"","meta":{"_acf_changed":false},"product_brand":[11665],"product_cat":[13948,13954,13939,13974,13930,13975,13983,13992,13973],"product_tag":[14010],"class_list":{"0":"post-401257","1":"product","2":"type-product","3":"status-publish","4":"has-post-thumbnail","6":"product_brand-fruit-of-the-loom","7":"product_cat-accesorios","8":"product_cat-acc-bolsas-y-mochilas","9":"product_cat-deportivo","10":"product_cat-ropa-hombre","11":"product_cat-laboral","12":"product_cat-ropa-mujer","13":"product_cat-h-pantalones","14":"product_cat-m-pantalones","15":"product_cat-ropa","16":"product_tag-nuevo-2026","17":"tm-no-options","19":"first","20":"instock","21":"taxable","22":"shipping-taxable","23":"product-type-variable"},"acf":[],"_links":{"self":[{"href":"https:\/\/grupotextil.es\/en\/wp-json\/wp\/v2\/product\/401257","targetHints":{"allow":["GET"]}}],"collection":[{"href":"https:\/\/grupotextil.es\/en\/wp-json\/wp\/v2\/product"}],"about":[{"href":"https:\/\/grupotextil.es\/en\/wp-json\/wp\/v2\/types\/product"}],"replies":[{"embeddable":true,"href":"https:\/\/grupotextil.es\/en\/wp-json\/wp\/v2\/comments?post=401257"}],"wp:featuredmedia":[{"embeddable":true,"href":"https:\/\/grupotextil.es\/en\/wp-json\/wp\/v2\/media\/427181"}],"wp:attachment":[{"href":"https:\/\/grupotextil.es\/en\/wp-json\/wp\/v2\/media?parent=401257"}],"wp:term":[{"taxonomy":"product_brand","embeddable":true,"href":"https:\/\/grupotextil.es\/en\/wp-json\/wp\/v2\/product_brand?post=401257"},{"taxonomy":"product_cat","embeddable":true,"href":"https:\/\/grupotextil.es\/en\/wp-json\/wp\/v2\/product_cat?post=401257"},{"taxonomy":"product_tag","embeddable":true,"href":"https:\/\/grupotextil.es\/en\/wp-json\/wp\/v2\/product_tag?post=401257"}],"curies":[{"name":"wp","href":"https:\/\/api.w.org\/{rel}","templated":true}]}}