{"id":401473,"date":"2026-03-08T05:33:37","date_gmt":"2026-03-08T04:33:37","guid":{"rendered":"https:\/\/grupotextil.es\/producto\/gorra-trucker-gamuza\/"},"modified":"2026-03-08T05:33:37","modified_gmt":"2026-03-08T04:33:37","slug":"gorra-trucker-gamuza","status":"publish","type":"product","link":"https:\/\/grupotextil.es\/en\/product\/gorra-trucker-gamuza\/","title":{"rendered":"Cap Trucker Gamuza"},"content":{"rendered":"<ul>\n<li>Panel frontal: 100% poli\u00e9ster (tacto gamuza)<\/li>\n<li>Paneles traseros: 100% poli\u00e9ster (malla)<\/li>\n<li>5 paneles<\/li>\n<li>Panel frontal sin costura<\/li>\n<li>Visera precurvada<\/li>\n<li>Cierre ajustable<\/li>\n<li>Etiqueta extra\u00edble.<\/li>\n<\/ul>","protected":false},"excerpt":{"rendered":"<p>Panel frontal: 100% poli\u00e9ster (tacto gamuza)Paneles traseros: 100% poli\u00e9ster (malla)5 panelesPanel frontal sin costuraVisera precurvadaCierre ajustableEtiqueta extra\u00edble.<\/p>","protected":false},"featured_media":427367,"comment_status":"open","ping_status":"closed","template":"","meta":{"_acf_changed":false},"product_brand":[11655],"product_cat":[13948,13954,13939,13974,13930,13975,13983,13992,13973],"product_tag":[],"class_list":{"0":"post-401473","1":"product","2":"type-product","3":"status-publish","4":"has-post-thumbnail","6":"product_brand-beechfield","7":"product_cat-accesorios","8":"product_cat-acc-bolsas-y-mochilas","9":"product_cat-deportivo","10":"product_cat-ropa-hombre","11":"product_cat-laboral","12":"product_cat-ropa-mujer","13":"product_cat-h-pantalones","14":"product_cat-m-pantalones","15":"product_cat-ropa","16":"tm-no-options","18":"first","19":"instock","20":"taxable","21":"shipping-taxable","22":"product-type-variable"},"acf":[],"_links":{"self":[{"href":"https:\/\/grupotextil.es\/en\/wp-json\/wp\/v2\/product\/401473","targetHints":{"allow":["GET"]}}],"collection":[{"href":"https:\/\/grupotextil.es\/en\/wp-json\/wp\/v2\/product"}],"about":[{"href":"https:\/\/grupotextil.es\/en\/wp-json\/wp\/v2\/types\/product"}],"replies":[{"embeddable":true,"href":"https:\/\/grupotextil.es\/en\/wp-json\/wp\/v2\/comments?post=401473"}],"wp:featuredmedia":[{"embeddable":true,"href":"https:\/\/grupotextil.es\/en\/wp-json\/wp\/v2\/media\/427367"}],"wp:attachment":[{"href":"https:\/\/grupotextil.es\/en\/wp-json\/wp\/v2\/media?parent=401473"}],"wp:term":[{"taxonomy":"product_brand","embeddable":true,"href":"https:\/\/grupotextil.es\/en\/wp-json\/wp\/v2\/product_brand?post=401473"},{"taxonomy":"product_cat","embeddable":true,"href":"https:\/\/grupotextil.es\/en\/wp-json\/wp\/v2\/product_cat?post=401473"},{"taxonomy":"product_tag","embeddable":true,"href":"https:\/\/grupotextil.es\/en\/wp-json\/wp\/v2\/product_tag?post=401473"}],"curies":[{"name":"wp","href":"https:\/\/api.w.org\/{rel}","templated":true}]}}