{"id":401555,"date":"2026-03-08T05:34:42","date_gmt":"2026-03-08T04:34:42","guid":{"rendered":"https:\/\/grupotextil.es\/producto\/pantalon-corto-unisex-afelpado\/"},"modified":"2026-03-08T05:34:42","modified_gmt":"2026-03-08T04:34:42","slug":"pantalon-corto-unisex-afelpado","status":"publish","type":"product","link":"https:\/\/grupotextil.es\/en\/product\/pantalon-corto-unisex-afelpado\/","title":{"rendered":"Trouser corto Unisex afelpado"},"content":{"rendered":"<ul>\n<li>227 g\/m\u00b2<\/li>\n<li>52% algod\u00f3n peinado y ring-spun, 48% poli\u00e9ster<\/li>\n<li>Athletic Heather: 90% algod\u00f3n, 10% poli\u00e9ster<\/li>\n<li>Cintura el\u00e1stica con cord\u00f3n<\/li>\n<li>Bolsillos laterales<\/li>\n<li>Sin bolsillo trasero<\/li>\n<\/ul>","protected":false},"excerpt":{"rendered":"<p>227 g\/m\u00b252% algod\u00f3n peinado y ring-spun, 48% poli\u00e9sterAthletic Heather: 90% algod\u00f3n, 10% poli\u00e9sterCintura el\u00e1stica con cord\u00f3nBolsillos lateralesSin bolsillo trasero<\/p>","protected":false},"featured_media":427387,"comment_status":"open","ping_status":"closed","template":"","meta":{"_acf_changed":false},"product_brand":[11667],"product_cat":[13954],"product_tag":[],"class_list":{"0":"post-401555","1":"product","2":"type-product","3":"status-publish","4":"has-post-thumbnail","6":"product_brand-bella","7":"product_cat-acc-bolsas-y-mochilas","8":"tm-no-options","10":"first","11":"instock","12":"taxable","13":"shipping-taxable","14":"product-type-variable"},"acf":[],"_links":{"self":[{"href":"https:\/\/grupotextil.es\/en\/wp-json\/wp\/v2\/product\/401555","targetHints":{"allow":["GET"]}}],"collection":[{"href":"https:\/\/grupotextil.es\/en\/wp-json\/wp\/v2\/product"}],"about":[{"href":"https:\/\/grupotextil.es\/en\/wp-json\/wp\/v2\/types\/product"}],"replies":[{"embeddable":true,"href":"https:\/\/grupotextil.es\/en\/wp-json\/wp\/v2\/comments?post=401555"}],"wp:featuredmedia":[{"embeddable":true,"href":"https:\/\/grupotextil.es\/en\/wp-json\/wp\/v2\/media\/427387"}],"wp:attachment":[{"href":"https:\/\/grupotextil.es\/en\/wp-json\/wp\/v2\/media?parent=401555"}],"wp:term":[{"taxonomy":"product_brand","embeddable":true,"href":"https:\/\/grupotextil.es\/en\/wp-json\/wp\/v2\/product_brand?post=401555"},{"taxonomy":"product_cat","embeddable":true,"href":"https:\/\/grupotextil.es\/en\/wp-json\/wp\/v2\/product_cat?post=401555"},{"taxonomy":"product_tag","embeddable":true,"href":"https:\/\/grupotextil.es\/en\/wp-json\/wp\/v2\/product_tag?post=401555"}],"curies":[{"name":"wp","href":"https:\/\/api.w.org\/{rel}","templated":true}]}}