{"id":401657,"date":"2026-03-08T05:34:51","date_gmt":"2026-03-08T04:34:51","guid":{"rendered":"https:\/\/grupotextil.es\/producto\/mochila-para-portatil-stockholm\/"},"modified":"2026-03-08T05:34:51","modified_gmt":"2026-03-08T04:34:51","slug":"mochila-para-portatil-stockholm","status":"publish","type":"product","link":"https:\/\/grupotextil.es\/en\/product\/mochila-para-portatil-stockholm\/","title":{"rendered":"Mochila para port\u00e1til Stockholm"},"content":{"rendered":"<ul>\n<li>100% Poli\u00e9ster (Reciclado, 600D)<\/li>\n<li>Tejido repelente al agua<\/li>\n<li>Asas de mano<\/li>\n<li>Correas de hombro ajustables y acolchadas<\/li>\n<li>Correa para equipaje trasero<\/li>\n<li>Gran compartimento principal con cremallera<\/li>\n<li>Compartimento acolchado para port\u00e1til compatible hasta 16<\/li>\n<li>Bolsillo frontal con cremallera<\/li>\n<li>Bolsillos internos traseros<\/li>\n<li>Bolsillo trasero de seguridad con cremallera<\/li>\n<li>Tiradores de cremallera de PU del mismo color<\/li>\n<li>etiqueta extra\u00edble para facilitar el cambio de marca<\/li>\n<li>Capacidad: 16 Litros<\/li>\n<li>Dimensiones: 41x37x11cm<\/li>\n<li>M\u00e1x. bordado con aro tubular: 18 (bolsillo delantero), 15 (panel frontal principal)<\/li>\n<li>M\u00e1x. \u00e1rea de impresi\u00f3n en cm: 20&#215;24 (bolsillo frontal), 24&#215;15 (panel frontal principal)<\/li>\n<\/ul>","protected":false},"excerpt":{"rendered":"<p>100% Poli\u00e9ster (Reciclado, 600D)Tejido repelente al aguaAsas de manoCorreas de hombro ajustables y acolchadasCorrea para equipaje traseroGran compartimento principal con cremalleraCompartimento aco&#8230;<\/p>","protected":false},"featured_media":427485,"comment_status":"open","ping_status":"closed","template":"","meta":{"_acf_changed":false},"product_brand":[11657],"product_cat":[13954],"product_tag":[],"class_list":{"0":"post-401657","1":"product","2":"type-product","3":"status-publish","4":"has-post-thumbnail","6":"product_brand-quadra","7":"product_cat-acc-bolsas-y-mochilas","8":"tm-no-options","10":"first","11":"instock","12":"taxable","13":"shipping-taxable","14":"product-type-variable"},"acf":[],"_links":{"self":[{"href":"https:\/\/grupotextil.es\/en\/wp-json\/wp\/v2\/product\/401657","targetHints":{"allow":["GET"]}}],"collection":[{"href":"https:\/\/grupotextil.es\/en\/wp-json\/wp\/v2\/product"}],"about":[{"href":"https:\/\/grupotextil.es\/en\/wp-json\/wp\/v2\/types\/product"}],"replies":[{"embeddable":true,"href":"https:\/\/grupotextil.es\/en\/wp-json\/wp\/v2\/comments?post=401657"}],"wp:featuredmedia":[{"embeddable":true,"href":"https:\/\/grupotextil.es\/en\/wp-json\/wp\/v2\/media\/427485"}],"wp:attachment":[{"href":"https:\/\/grupotextil.es\/en\/wp-json\/wp\/v2\/media?parent=401657"}],"wp:term":[{"taxonomy":"product_brand","embeddable":true,"href":"https:\/\/grupotextil.es\/en\/wp-json\/wp\/v2\/product_brand?post=401657"},{"taxonomy":"product_cat","embeddable":true,"href":"https:\/\/grupotextil.es\/en\/wp-json\/wp\/v2\/product_cat?post=401657"},{"taxonomy":"product_tag","embeddable":true,"href":"https:\/\/grupotextil.es\/en\/wp-json\/wp\/v2\/product_tag?post=401657"}],"curies":[{"name":"wp","href":"https:\/\/api.w.org\/{rel}","templated":true}]}}