{"id":401687,"date":"2026-03-08T05:34:52","date_gmt":"2026-03-08T04:34:52","guid":{"rendered":"https:\/\/grupotextil.es\/producto\/braga-de-cuello-softshell-de-deporte\/"},"modified":"2026-03-08T05:34:52","modified_gmt":"2026-03-08T04:34:52","slug":"braga-de-cuello-softshell-de-deporte","status":"publish","type":"product","link":"https:\/\/grupotextil.es\/en\/product\/braga-de-cuello-softshell-de-deporte\/","title":{"rendered":"Braga de cuello Softshell Sports"},"content":{"rendered":"<ul>\n<li>85% poli\u00e9ster, 15% elastano<\/li>\n<li>Tejido softshell transpirable<\/li>\n<li>Secado r\u00e1pido<\/li>\n<li>Resistente al viento<\/li>\n<li>Ajuste ergon\u00f3mico<\/li>\n<li>Dise\u00f1o contorneado<\/li>\n<li>Costuras planas para mayor comodidad<\/li>\n<li>Cord\u00f3n de estiramiento el\u00e1stico<\/li>\n<\/ul>","protected":false},"excerpt":{"rendered":"<p>85% poli\u00e9ster, 15% elastanoTejido softshell transpirableSecado r\u00e1pidoResistente al vientoAjuste ergon\u00f3micoDise\u00f1o contorneadoCosturas planas para mayor comodidadCord\u00f3n de estiramiento el\u00e1stico<\/p>","protected":false},"featured_media":427520,"comment_status":"open","ping_status":"closed","template":"","meta":{"_acf_changed":false},"product_brand":[11655],"product_cat":[13954],"product_tag":[],"class_list":{"0":"post-401687","1":"product","2":"type-product","3":"status-publish","4":"has-post-thumbnail","6":"product_brand-beechfield","7":"product_cat-acc-bolsas-y-mochilas","8":"tm-no-options","10":"first","11":"instock","12":"taxable","13":"shipping-taxable","14":"product-type-variable"},"acf":[],"_links":{"self":[{"href":"https:\/\/grupotextil.es\/en\/wp-json\/wp\/v2\/product\/401687","targetHints":{"allow":["GET"]}}],"collection":[{"href":"https:\/\/grupotextil.es\/en\/wp-json\/wp\/v2\/product"}],"about":[{"href":"https:\/\/grupotextil.es\/en\/wp-json\/wp\/v2\/types\/product"}],"replies":[{"embeddable":true,"href":"https:\/\/grupotextil.es\/en\/wp-json\/wp\/v2\/comments?post=401687"}],"wp:featuredmedia":[{"embeddable":true,"href":"https:\/\/grupotextil.es\/en\/wp-json\/wp\/v2\/media\/427520"}],"wp:attachment":[{"href":"https:\/\/grupotextil.es\/en\/wp-json\/wp\/v2\/media?parent=401687"}],"wp:term":[{"taxonomy":"product_brand","embeddable":true,"href":"https:\/\/grupotextil.es\/en\/wp-json\/wp\/v2\/product_brand?post=401687"},{"taxonomy":"product_cat","embeddable":true,"href":"https:\/\/grupotextil.es\/en\/wp-json\/wp\/v2\/product_cat?post=401687"},{"taxonomy":"product_tag","embeddable":true,"href":"https:\/\/grupotextil.es\/en\/wp-json\/wp\/v2\/product_tag?post=401687"}],"curies":[{"name":"wp","href":"https:\/\/api.w.org\/{rel}","templated":true}]}}