{"id":401808,"date":"2026-03-08T05:35:13","date_gmt":"2026-03-08T04:35:13","guid":{"rendered":"https:\/\/grupotextil.es\/producto\/bolsa-de-viaje-tailored-luxe\/"},"modified":"2026-03-08T05:35:13","modified_gmt":"2026-03-08T04:35:13","slug":"bolsa-de-viaje-tailored-luxe","status":"publish","type":"product","link":"https:\/\/grupotextil.es\/en\/product\/bolsa-de-viaje-tailored-luxe\/","title":{"rendered":"Bag de viaje Tailored Luxe"},"content":{"rendered":"<ul>\n<li>100% poliuretano (aspecto de cuero)<\/li>\n<li>Forro: 100% Poli\u00e9ster (Reciclado)<\/li>\n<li>Asas de mano<\/li>\n<li>Correa de hombro ajustable y desmontable<\/li>\n<li>Compartimento principal con cremallera de 2 v\u00edas<\/li>\n<li>Bolsillo frontal con cremallera<\/li>\n<li>Bolsillo interno con cremallera y 2 bolsillos internos<\/li>\n<li>etiqueta extra\u00edble para facilitar el cambio de marca<\/li>\n<li>Capacidad: 25 Litros<\/li>\n<li>Dimensiones: 48x28x20cm<\/li>\n<li>M\u00e1x. bordado: aro de 15 tubulares<\/li>\n<li>M\u00e1x. \u00e1rea de impresi\u00f3n: 5&#215;10 cm.<\/li>\n<\/ul>","protected":false},"excerpt":{"rendered":"<p>100% poliuretano (aspecto de cuero)Forro: 100% Poli\u00e9ster (Reciclado)Asas de manoCorrea de hombro ajustable y desmontableCompartimento principal con cremallera de 2 v\u00edasBolsillo frontal con cremalle&#8230;<\/p>","protected":false},"featured_media":427698,"comment_status":"open","ping_status":"closed","template":"","meta":{"_acf_changed":false},"product_brand":[11657],"product_cat":[13954],"product_tag":[],"class_list":{"0":"post-401808","1":"product","2":"type-product","3":"status-publish","4":"has-post-thumbnail","6":"product_brand-quadra","7":"product_cat-acc-bolsas-y-mochilas","8":"tm-no-options","10":"first","11":"instock","12":"taxable","13":"shipping-taxable","14":"product-type-variable"},"acf":[],"_links":{"self":[{"href":"https:\/\/grupotextil.es\/en\/wp-json\/wp\/v2\/product\/401808","targetHints":{"allow":["GET"]}}],"collection":[{"href":"https:\/\/grupotextil.es\/en\/wp-json\/wp\/v2\/product"}],"about":[{"href":"https:\/\/grupotextil.es\/en\/wp-json\/wp\/v2\/types\/product"}],"replies":[{"embeddable":true,"href":"https:\/\/grupotextil.es\/en\/wp-json\/wp\/v2\/comments?post=401808"}],"wp:featuredmedia":[{"embeddable":true,"href":"https:\/\/grupotextil.es\/en\/wp-json\/wp\/v2\/media\/427698"}],"wp:attachment":[{"href":"https:\/\/grupotextil.es\/en\/wp-json\/wp\/v2\/media?parent=401808"}],"wp:term":[{"taxonomy":"product_brand","embeddable":true,"href":"https:\/\/grupotextil.es\/en\/wp-json\/wp\/v2\/product_brand?post=401808"},{"taxonomy":"product_cat","embeddable":true,"href":"https:\/\/grupotextil.es\/en\/wp-json\/wp\/v2\/product_cat?post=401808"},{"taxonomy":"product_tag","embeddable":true,"href":"https:\/\/grupotextil.es\/en\/wp-json\/wp\/v2\/product_tag?post=401808"}],"curies":[{"name":"wp","href":"https:\/\/api.w.org\/{rel}","templated":true}]}}