{"id":401830,"date":"2026-03-08T05:35:21","date_gmt":"2026-03-08T04:35:21","guid":{"rendered":"https:\/\/grupotextil.es\/producto\/pantalon-lite\/"},"modified":"2026-03-08T05:35:21","modified_gmt":"2026-03-08T04:35:21","slug":"pantalon-lite","status":"publish","type":"product","link":"https:\/\/grupotextil.es\/en\/product\/pantalon-lite\/","title":{"rendered":"Trouser Lite"},"content":{"rendered":"<ul>\n<li>200 g\/m\u00b2<\/li>\n<li>80% poli\u00e9ster, 20% algod\u00f3n (sarga)<\/li>\n<li>Ligero<\/li>\n<li>Repele el agua, resistente al viento<\/li>\n<li>Transpirable<\/li>\n<li>Cremallera y bot\u00f3n<\/li>\n<li>Bot\u00f3nes de cierre<\/li>\n<li>Cintura parcialmente el\u00e1stica<\/li>\n<li>Bolsillos con detalle reflectante<\/li>\n<li>Prenda muy resistente<\/li>\n<li>Unisex.<\/li>\n<\/ul>","protected":false},"excerpt":{"rendered":"<p>200 g\/m\u00b280% poli\u00e9ster, 20% algod\u00f3n (sarga)LigeroRepele el agua, resistente al vientoTranspirableCremallera y bot\u00f3nBot\u00f3nes de cierreCintura parcialmente el\u00e1sticaBolsillos con detalle reflectantePren&#8230;<\/p>","protected":false},"featured_media":427731,"comment_status":"open","ping_status":"closed","template":"","meta":{"_acf_changed":false},"product_brand":[11669],"product_cat":[13954],"product_tag":[],"class_list":{"0":"post-401830","1":"product","2":"type-product","3":"status-publish","4":"has-post-thumbnail","6":"product_brand-result","7":"product_cat-acc-bolsas-y-mochilas","8":"tm-no-options","10":"first","11":"instock","12":"taxable","13":"shipping-taxable","14":"product-type-variable"},"acf":[],"_links":{"self":[{"href":"https:\/\/grupotextil.es\/en\/wp-json\/wp\/v2\/product\/401830","targetHints":{"allow":["GET"]}}],"collection":[{"href":"https:\/\/grupotextil.es\/en\/wp-json\/wp\/v2\/product"}],"about":[{"href":"https:\/\/grupotextil.es\/en\/wp-json\/wp\/v2\/types\/product"}],"replies":[{"embeddable":true,"href":"https:\/\/grupotextil.es\/en\/wp-json\/wp\/v2\/comments?post=401830"}],"wp:featuredmedia":[{"embeddable":true,"href":"https:\/\/grupotextil.es\/en\/wp-json\/wp\/v2\/media\/427731"}],"wp:attachment":[{"href":"https:\/\/grupotextil.es\/en\/wp-json\/wp\/v2\/media?parent=401830"}],"wp:term":[{"taxonomy":"product_brand","embeddable":true,"href":"https:\/\/grupotextil.es\/en\/wp-json\/wp\/v2\/product_brand?post=401830"},{"taxonomy":"product_cat","embeddable":true,"href":"https:\/\/grupotextil.es\/en\/wp-json\/wp\/v2\/product_cat?post=401830"},{"taxonomy":"product_tag","embeddable":true,"href":"https:\/\/grupotextil.es\/en\/wp-json\/wp\/v2\/product_tag?post=401830"}],"curies":[{"name":"wp","href":"https:\/\/api.w.org\/{rel}","templated":true}]}}