{"id":401859,"date":"2026-03-08T05:35:22","date_gmt":"2026-03-08T04:35:22","guid":{"rendered":"https:\/\/grupotextil.es\/producto\/bolsa-maxi-reciclada\/"},"modified":"2026-03-08T05:35:22","modified_gmt":"2026-03-08T04:35:22","slug":"bolsa-maxi-reciclada","status":"publish","type":"product","link":"https:\/\/grupotextil.es\/en\/product\/bolsa-maxi-reciclada\/","title":{"rendered":"Bag Maxi reciclado"},"content":{"rendered":"<ul>\n<li>60% algod\u00f3n, 40% poli\u00e9ster (aprox. 5% de variaci\u00f3n, seg\u00fan el lote)<\/li>\n<li>Poli\u00e9ster reciclado de aprox. 3,5 botellas post-consumo<\/li>\n<li>Capacidad: 18 litros<\/li>\n<li>Dimensiones: 35 x 39 x 13,5 cm<\/li>\n<\/ul>","protected":false},"excerpt":{"rendered":"<p>60% algod\u00f3n, 40% poli\u00e9ster (aprox. 5% de variaci\u00f3n, seg\u00fan el lote)Poli\u00e9ster reciclado de aprox.<\/p>","protected":false},"featured_media":427738,"comment_status":"open","ping_status":"closed","template":"","meta":{"_acf_changed":false},"product_brand":[11680],"product_cat":[13954],"product_tag":[],"class_list":{"0":"post-401859","1":"product","2":"type-product","3":"status-publish","4":"has-post-thumbnail","6":"product_brand-westford-mill","7":"product_cat-acc-bolsas-y-mochilas","8":"tm-no-options","10":"first","11":"instock","12":"taxable","13":"shipping-taxable","14":"product-type-variable"},"acf":[],"_links":{"self":[{"href":"https:\/\/grupotextil.es\/en\/wp-json\/wp\/v2\/product\/401859","targetHints":{"allow":["GET"]}}],"collection":[{"href":"https:\/\/grupotextil.es\/en\/wp-json\/wp\/v2\/product"}],"about":[{"href":"https:\/\/grupotextil.es\/en\/wp-json\/wp\/v2\/types\/product"}],"replies":[{"embeddable":true,"href":"https:\/\/grupotextil.es\/en\/wp-json\/wp\/v2\/comments?post=401859"}],"wp:featuredmedia":[{"embeddable":true,"href":"https:\/\/grupotextil.es\/en\/wp-json\/wp\/v2\/media\/427738"}],"wp:attachment":[{"href":"https:\/\/grupotextil.es\/en\/wp-json\/wp\/v2\/media?parent=401859"}],"wp:term":[{"taxonomy":"product_brand","embeddable":true,"href":"https:\/\/grupotextil.es\/en\/wp-json\/wp\/v2\/product_brand?post=401859"},{"taxonomy":"product_cat","embeddable":true,"href":"https:\/\/grupotextil.es\/en\/wp-json\/wp\/v2\/product_cat?post=401859"},{"taxonomy":"product_tag","embeddable":true,"href":"https:\/\/grupotextil.es\/en\/wp-json\/wp\/v2\/product_tag?post=401859"}],"curies":[{"name":"wp","href":"https:\/\/api.w.org\/{rel}","templated":true}]}}