{"id":401926,"date":"2026-03-08T05:35:31","date_gmt":"2026-03-08T04:35:31","guid":{"rendered":"https:\/\/grupotextil.es\/producto\/mochila-studio\/"},"modified":"2026-03-08T05:35:31","modified_gmt":"2026-03-08T04:35:31","slug":"mochila-studio","status":"publish","type":"product","link":"https:\/\/grupotextil.es\/en\/product\/mochila-studio\/","title":{"rendered":"Mochila Studio"},"content":{"rendered":"<ul>\n<li>100% Poli\u00e9ster (Reciclado, T400D)<\/li>\n<li>Asa de mano<\/li>\n<li>Correas de hombro acolchadas y ajustables<\/li>\n<li>Compartimento principal con apertura con cremallera de 2 v\u00edas para f\u00e1cil acceso<\/li>\n<li>Compartimento trasero acolchado para port\u00e1til, compatible hasta 16<\/li>\n<li>Correa para equipaje trasero<\/li>\n<li>Bolsillo frontal con cremallera y dos bolsillos internos acolchados<\/li>\n<li>Bolsillos laterales externos con cord\u00f3n de ajuste<\/li>\n<li>etiqueta extra\u00edble para facilitar el cambio de marca<\/li>\n<li>Capacidad: 22 Litros<\/li>\n<li>Dimensiones: 44x29x13cm<\/li>\n<li>M\u00e1x. bordado: aro de 15 tubulares<\/li>\n<li>M\u00e1x. \u00e1rea de impresi\u00f3n: 20&#215;17 cm.<\/li>\n<\/ul>","protected":false},"excerpt":{"rendered":"<p>100% Poli\u00e9ster (Reciclado, T400D)Asa de manoCorreas de hombro acolchadas y ajustablesCompartimento principal con apertura con cremallera de 2 v\u00edas para f\u00e1cil accesoCompartimento trasero acolchado p&#8230;<\/p>","protected":false},"featured_media":427808,"comment_status":"open","ping_status":"closed","template":"","meta":{"_acf_changed":false},"product_brand":[11657],"product_cat":[13954],"product_tag":[],"class_list":{"0":"post-401926","1":"product","2":"type-product","3":"status-publish","4":"has-post-thumbnail","6":"product_brand-quadra","7":"product_cat-acc-bolsas-y-mochilas","8":"tm-no-options","10":"first","11":"instock","12":"taxable","13":"shipping-taxable","14":"product-type-variable"},"acf":[],"_links":{"self":[{"href":"https:\/\/grupotextil.es\/en\/wp-json\/wp\/v2\/product\/401926","targetHints":{"allow":["GET"]}}],"collection":[{"href":"https:\/\/grupotextil.es\/en\/wp-json\/wp\/v2\/product"}],"about":[{"href":"https:\/\/grupotextil.es\/en\/wp-json\/wp\/v2\/types\/product"}],"replies":[{"embeddable":true,"href":"https:\/\/grupotextil.es\/en\/wp-json\/wp\/v2\/comments?post=401926"}],"wp:featuredmedia":[{"embeddable":true,"href":"https:\/\/grupotextil.es\/en\/wp-json\/wp\/v2\/media\/427808"}],"wp:attachment":[{"href":"https:\/\/grupotextil.es\/en\/wp-json\/wp\/v2\/media?parent=401926"}],"wp:term":[{"taxonomy":"product_brand","embeddable":true,"href":"https:\/\/grupotextil.es\/en\/wp-json\/wp\/v2\/product_brand?post=401926"},{"taxonomy":"product_cat","embeddable":true,"href":"https:\/\/grupotextil.es\/en\/wp-json\/wp\/v2\/product_cat?post=401926"},{"taxonomy":"product_tag","embeddable":true,"href":"https:\/\/grupotextil.es\/en\/wp-json\/wp\/v2\/product_tag?post=401926"}],"curies":[{"name":"wp","href":"https:\/\/api.w.org\/{rel}","templated":true}]}}