{"id":401993,"date":"2026-03-08T05:35:41","date_gmt":"2026-03-08T04:35:41","guid":{"rendered":"https:\/\/grupotextil.es\/producto\/bolso-cruzado-studio\/"},"modified":"2026-03-08T05:35:41","modified_gmt":"2026-03-08T04:35:41","slug":"bolso-cruzado-studio","status":"publish","type":"product","link":"https:\/\/grupotextil.es\/en\/product\/bolso-cruzado-studio\/","title":{"rendered":"Bolso cruzado Studio"},"content":{"rendered":"<ul>\n<li>100% Poli\u00e9ster (Reciclado, T400D)<\/li>\n<li>Correa de hombro ajustable del mismo tejido<\/li>\n<li>Compartimento principal con apertura con cremallera de 2 v\u00edas para f\u00e1cil acceso<\/li>\n<li>Bolsillo frontal externo con cord\u00f3n de ajuste<\/li>\n<li>2 bolsillos internos acolchados<\/li>\n<li>etiqueta extra\u00edble para facilitar el cambio de marca<\/li>\n<li>Capacidad: 12 Litros<\/li>\n<li>Dimensiones: 45x22x12cm<\/li>\n<li>M\u00e1x. \u00e1rea de impresi\u00f3n: 10&#215;15 cm.<\/li>\n<\/ul>","protected":false},"excerpt":{"rendered":"<p>100% Poli\u00e9ster (Reciclado, T400D)Correa de hombro ajustable del mismo tejidoCompartimento principal con apertura con cremallera de 2 v\u00edas para f\u00e1cil accesoBolsillo frontal externo con cord\u00f3n de aju&#8230;<\/p>","protected":false},"featured_media":427854,"comment_status":"open","ping_status":"closed","template":"","meta":{"_acf_changed":false},"product_brand":[11657],"product_cat":[13954],"product_tag":[],"class_list":{"0":"post-401993","1":"product","2":"type-product","3":"status-publish","4":"has-post-thumbnail","6":"product_brand-quadra","7":"product_cat-acc-bolsas-y-mochilas","8":"tm-no-options","10":"first","11":"instock","12":"taxable","13":"shipping-taxable","14":"product-type-variable"},"acf":[],"_links":{"self":[{"href":"https:\/\/grupotextil.es\/en\/wp-json\/wp\/v2\/product\/401993","targetHints":{"allow":["GET"]}}],"collection":[{"href":"https:\/\/grupotextil.es\/en\/wp-json\/wp\/v2\/product"}],"about":[{"href":"https:\/\/grupotextil.es\/en\/wp-json\/wp\/v2\/types\/product"}],"replies":[{"embeddable":true,"href":"https:\/\/grupotextil.es\/en\/wp-json\/wp\/v2\/comments?post=401993"}],"wp:featuredmedia":[{"embeddable":true,"href":"https:\/\/grupotextil.es\/en\/wp-json\/wp\/v2\/media\/427854"}],"wp:attachment":[{"href":"https:\/\/grupotextil.es\/en\/wp-json\/wp\/v2\/media?parent=401993"}],"wp:term":[{"taxonomy":"product_brand","embeddable":true,"href":"https:\/\/grupotextil.es\/en\/wp-json\/wp\/v2\/product_brand?post=401993"},{"taxonomy":"product_cat","embeddable":true,"href":"https:\/\/grupotextil.es\/en\/wp-json\/wp\/v2\/product_cat?post=401993"},{"taxonomy":"product_tag","embeddable":true,"href":"https:\/\/grupotextil.es\/en\/wp-json\/wp\/v2\/product_tag?post=401993"}],"curies":[{"name":"wp","href":"https:\/\/api.w.org\/{rel}","templated":true}]}}