{"id":402030,"date":"2026-03-08T05:35:49","date_gmt":"2026-03-08T04:35:49","guid":{"rendered":"https:\/\/grupotextil.es\/producto\/rinonera-utility-molle\/"},"modified":"2026-03-08T05:35:49","modified_gmt":"2026-03-08T04:35:49","slug":"rinonera-utility-molle","status":"publish","type":"product","link":"https:\/\/grupotextil.es\/en\/product\/rinonera-utility-molle\/","title":{"rendered":"Ri\u00f1onera Utility MOLLE"},"content":{"rendered":"<ul>\n<li>100% poli\u00e9ster (600D)<\/li>\n<li>Dise\u00f1o militar<\/li>\n<li>Compartimento principal y bolsillo frontal con cremallera.<\/li>\n<li>Cintur\u00f3n ajustable con cierre seguro<\/li>\n<li>Detalle de cinta MOLLE<\/li>\n<li>Parche Rip-Strip \u2122 intercambiable para decoraci\u00f3n<\/li>\n<li>Etiqueta TearAway para facilitar el rebranding<\/li>\n<li>Capacidad: 3 litros<\/li>\n<li>Medidas: 28 x 17 x 10 cm.<\/li>\n<li>Max. bordado: 9 aro tubular<\/li>\n<li>Max. \u00c1rea de impresi\u00f3n: 9 x 6 cm.<\/li>\n<\/ul>","protected":false},"excerpt":{"rendered":"<p>100% poli\u00e9ster (600D)Dise\u00f1o militarCompartimento principal y bolsillo frontal con cremallera.Cintur\u00f3n ajustable con cierre seguroDetalle de cinta MOLLEParche Rip-Strip \u2122 intercambiable para decorac&#8230;<\/p>","protected":false},"featured_media":427892,"comment_status":"open","ping_status":"closed","template":"","meta":{"_acf_changed":false},"product_brand":[11668],"product_cat":[13954],"product_tag":[],"class_list":{"0":"post-402030","1":"product","2":"type-product","3":"status-publish","4":"has-post-thumbnail","6":"product_brand-bag-base","7":"product_cat-acc-bolsas-y-mochilas","8":"tm-no-options","10":"first","11":"instock","12":"taxable","13":"shipping-taxable","14":"product-type-variable"},"acf":[],"_links":{"self":[{"href":"https:\/\/grupotextil.es\/en\/wp-json\/wp\/v2\/product\/402030","targetHints":{"allow":["GET"]}}],"collection":[{"href":"https:\/\/grupotextil.es\/en\/wp-json\/wp\/v2\/product"}],"about":[{"href":"https:\/\/grupotextil.es\/en\/wp-json\/wp\/v2\/types\/product"}],"replies":[{"embeddable":true,"href":"https:\/\/grupotextil.es\/en\/wp-json\/wp\/v2\/comments?post=402030"}],"wp:featuredmedia":[{"embeddable":true,"href":"https:\/\/grupotextil.es\/en\/wp-json\/wp\/v2\/media\/427892"}],"wp:attachment":[{"href":"https:\/\/grupotextil.es\/en\/wp-json\/wp\/v2\/media?parent=402030"}],"wp:term":[{"taxonomy":"product_brand","embeddable":true,"href":"https:\/\/grupotextil.es\/en\/wp-json\/wp\/v2\/product_brand?post=402030"},{"taxonomy":"product_cat","embeddable":true,"href":"https:\/\/grupotextil.es\/en\/wp-json\/wp\/v2\/product_cat?post=402030"},{"taxonomy":"product_tag","embeddable":true,"href":"https:\/\/grupotextil.es\/en\/wp-json\/wp\/v2\/product_tag?post=402030"}],"curies":[{"name":"wp","href":"https:\/\/api.w.org\/{rel}","templated":true}]}}