{"id":402033,"date":"2026-03-08T05:35:50","date_gmt":"2026-03-08T04:35:50","guid":{"rendered":"https:\/\/grupotextil.es\/producto\/bolsa-de-viaje-adapt-hybrid\/"},"modified":"2026-03-08T05:35:50","modified_gmt":"2026-03-08T04:35:50","slug":"bolsa-de-viaje-adapt-hybrid","status":"publish","type":"product","link":"https:\/\/grupotextil.es\/en\/product\/bolsa-de-viaje-adapt-hybrid\/","title":{"rendered":"Bag de viaje Adapt Hybrid"},"content":{"rendered":"<ul>\n<li>100% poli\u00e9ster (reciclado, 600D Ripstop)<\/li>\n<li>Asas de mano<\/li>\n<li>Correas h\u00edbridas ajustables para uso en mochila y bolsa de viaje.<\/li>\n<li>Compartimento principal con apertura con cremallera de 2 v\u00edas para f\u00e1cil acceso<\/li>\n<li>2 bolsillos delanteros con cremallera<\/li>\n<li>Gran bolsillo trasero con cremallera<\/li>\n<li>Funda interna acolchada para tableta\/port\u00e1til de hasta 13<\/li>\n<li>Bolsillo interno de malla<\/li>\n<li>etiqueta extra\u00edble para facilitar el cambio de marca<\/li>\n<li>Capacidad: 1,5 litros<\/li>\n<li>Dimensiones: 28x19cm<\/li>\n<li>M\u00e1x. bordado: aro de 12 tubulares<\/li>\n<li>M\u00e1x. \u00e1rea de impresi\u00f3n: 25&#215;16 cm.<\/li>\n<\/ul>","protected":false},"excerpt":{"rendered":"<p>100% poli\u00e9ster (reciclado, 600D Ripstop)Asas de manoCorreas h\u00edbridas ajustables para uso en mochila y bolsa de viaje.Compartimento principal con apertura con cremallera de 2 v\u00edas para f\u00e1cil acceso2&#8230;<\/p>","protected":false},"featured_media":427904,"comment_status":"open","ping_status":"closed","template":"","meta":{"_acf_changed":false},"product_brand":[11657],"product_cat":[13954],"product_tag":[],"class_list":{"0":"post-402033","1":"product","2":"type-product","3":"status-publish","4":"has-post-thumbnail","6":"product_brand-quadra","7":"product_cat-acc-bolsas-y-mochilas","8":"tm-no-options","10":"first","11":"instock","12":"taxable","13":"shipping-taxable","14":"product-type-variable"},"acf":[],"_links":{"self":[{"href":"https:\/\/grupotextil.es\/en\/wp-json\/wp\/v2\/product\/402033","targetHints":{"allow":["GET"]}}],"collection":[{"href":"https:\/\/grupotextil.es\/en\/wp-json\/wp\/v2\/product"}],"about":[{"href":"https:\/\/grupotextil.es\/en\/wp-json\/wp\/v2\/types\/product"}],"replies":[{"embeddable":true,"href":"https:\/\/grupotextil.es\/en\/wp-json\/wp\/v2\/comments?post=402033"}],"wp:featuredmedia":[{"embeddable":true,"href":"https:\/\/grupotextil.es\/en\/wp-json\/wp\/v2\/media\/427904"}],"wp:attachment":[{"href":"https:\/\/grupotextil.es\/en\/wp-json\/wp\/v2\/media?parent=402033"}],"wp:term":[{"taxonomy":"product_brand","embeddable":true,"href":"https:\/\/grupotextil.es\/en\/wp-json\/wp\/v2\/product_brand?post=402033"},{"taxonomy":"product_cat","embeddable":true,"href":"https:\/\/grupotextil.es\/en\/wp-json\/wp\/v2\/product_cat?post=402033"},{"taxonomy":"product_tag","embeddable":true,"href":"https:\/\/grupotextil.es\/en\/wp-json\/wp\/v2\/product_tag?post=402033"}],"curies":[{"name":"wp","href":"https:\/\/api.w.org\/{rel}","templated":true}]}}