{"id":402082,"date":"2026-03-08T05:35:55","date_gmt":"2026-03-08T04:35:55","guid":{"rendered":"https:\/\/grupotextil.es\/producto\/neceser-prato-stylish\/"},"modified":"2026-03-08T05:35:55","modified_gmt":"2026-03-08T04:35:55","slug":"neceser-prato-stylish","status":"publish","type":"product","link":"https:\/\/grupotextil.es\/en\/product\/neceser-prato-stylish\/","title":{"rendered":"Toiletry Bag Prato Stylish"},"content":{"rendered":"<ul>\n<li>100 % poli\u00e9ster (210 D)<\/li>\n<li>Neceser y estuche para cosm\u00e9ticos<\/li>\n<li>Bolsillo interior de malla con cremallera<\/li>\n<li>Asa en la parte posterior<\/li>\n<li>Impermeable<\/li>\n<li>Adecuado para serigraf\u00eda, impresi\u00f3n por transferencia o bordado.<\/li>\n<li>Dimensiones: 12 x 25 x 9 cm, Capacidad: 2,5 Litros.<\/li>\n<\/ul>","protected":false},"excerpt":{"rendered":"<p>100 % poli\u00e9ster (210 D)Neceser y estuche para cosm\u00e9ticosBolsillo interior de malla con cremalleraAsa en la parte posteriorImpermeableAdecuado para serigraf\u00eda, impresi\u00f3n por transferencia o bordado.<\/p>","protected":false},"featured_media":427958,"comment_status":"open","ping_status":"closed","template":"","meta":{"_acf_changed":false},"product_brand":[11660],"product_cat":[13954],"product_tag":[],"class_list":{"0":"post-402082","1":"product","2":"type-product","3":"status-publish","4":"has-post-thumbnail","6":"product_brand-shugon","7":"product_cat-acc-bolsas-y-mochilas","8":"tm-no-options","10":"first","11":"instock","12":"taxable","13":"shipping-taxable","14":"product-type-variable"},"acf":[],"_links":{"self":[{"href":"https:\/\/grupotextil.es\/en\/wp-json\/wp\/v2\/product\/402082","targetHints":{"allow":["GET"]}}],"collection":[{"href":"https:\/\/grupotextil.es\/en\/wp-json\/wp\/v2\/product"}],"about":[{"href":"https:\/\/grupotextil.es\/en\/wp-json\/wp\/v2\/types\/product"}],"replies":[{"embeddable":true,"href":"https:\/\/grupotextil.es\/en\/wp-json\/wp\/v2\/comments?post=402082"}],"wp:featuredmedia":[{"embeddable":true,"href":"https:\/\/grupotextil.es\/en\/wp-json\/wp\/v2\/media\/427958"}],"wp:attachment":[{"href":"https:\/\/grupotextil.es\/en\/wp-json\/wp\/v2\/media?parent=402082"}],"wp:term":[{"taxonomy":"product_brand","embeddable":true,"href":"https:\/\/grupotextil.es\/en\/wp-json\/wp\/v2\/product_brand?post=402082"},{"taxonomy":"product_cat","embeddable":true,"href":"https:\/\/grupotextil.es\/en\/wp-json\/wp\/v2\/product_cat?post=402082"},{"taxonomy":"product_tag","embeddable":true,"href":"https:\/\/grupotextil.es\/en\/wp-json\/wp\/v2\/product_tag?post=402082"}],"curies":[{"name":"wp","href":"https:\/\/api.w.org\/{rel}","templated":true}]}}