{"id":402201,"date":"2026-03-08T05:36:03","date_gmt":"2026-03-08T04:36:03","guid":{"rendered":"https:\/\/grupotextil.es\/producto\/alforja-enrollable-impermeable-para-bicicleta\/"},"modified":"2026-03-08T05:36:03","modified_gmt":"2026-03-08T04:36:03","slug":"alforja-enrollable-impermeable-para-bicicleta","status":"publish","type":"product","link":"https:\/\/grupotextil.es\/en\/product\/alforja-enrollable-impermeable-para-bicicleta\/","title":{"rendered":"Alforja enrollable impermeable para bicicleta"},"content":{"rendered":"<ul>\n<li>100% Poli\u00e9ster (Reciclado, 600D)<\/li>\n<li>Tela impermeable<\/li>\n<li>Correas acolchadas y ajustables para los hombros.<\/li>\n<li>Cierre enrollable<\/li>\n<li>Compartimento principal impermeable<\/li>\n<li>Bucles de fijaci\u00f3n de correas con detalles reflectantes para fijaci\u00f3n el\u00e1stica frontal<\/li>\n<li>Bolsillo lateral con cremallera<\/li>\n<li>etiqueta extra\u00edble para facilitar el cambio de marca<\/li>\n<li>Capacidad: 18 Litros<\/li>\n<li>Dimensiones: 31x46x12,5 cm<\/li>\n<li>M\u00e1x. \u00e1rea de impresi\u00f3n: 14x7cm.<\/li>\n<\/ul>","protected":false},"excerpt":{"rendered":"<p>100% Poli\u00e9ster (Reciclado, 600D)Tela impermeableCorreas acolchadas y ajustables para los hombros.Cierre enrollableCompartimento principal impermeableBucles de fijaci\u00f3n de correas con detalles refle&#8230;<\/p>","protected":false},"featured_media":428078,"comment_status":"open","ping_status":"closed","template":"","meta":{"_acf_changed":false},"product_brand":[11657],"product_cat":[13954],"product_tag":[],"class_list":{"0":"post-402201","1":"product","2":"type-product","3":"status-publish","4":"has-post-thumbnail","6":"product_brand-quadra","7":"product_cat-acc-bolsas-y-mochilas","8":"tm-no-options","10":"first","11":"instock","12":"taxable","13":"shipping-taxable","14":"product-type-variable"},"acf":[],"_links":{"self":[{"href":"https:\/\/grupotextil.es\/en\/wp-json\/wp\/v2\/product\/402201","targetHints":{"allow":["GET"]}}],"collection":[{"href":"https:\/\/grupotextil.es\/en\/wp-json\/wp\/v2\/product"}],"about":[{"href":"https:\/\/grupotextil.es\/en\/wp-json\/wp\/v2\/types\/product"}],"replies":[{"embeddable":true,"href":"https:\/\/grupotextil.es\/en\/wp-json\/wp\/v2\/comments?post=402201"}],"wp:featuredmedia":[{"embeddable":true,"href":"https:\/\/grupotextil.es\/en\/wp-json\/wp\/v2\/media\/428078"}],"wp:attachment":[{"href":"https:\/\/grupotextil.es\/en\/wp-json\/wp\/v2\/media?parent=402201"}],"wp:term":[{"taxonomy":"product_brand","embeddable":true,"href":"https:\/\/grupotextil.es\/en\/wp-json\/wp\/v2\/product_brand?post=402201"},{"taxonomy":"product_cat","embeddable":true,"href":"https:\/\/grupotextil.es\/en\/wp-json\/wp\/v2\/product_cat?post=402201"},{"taxonomy":"product_tag","embeddable":true,"href":"https:\/\/grupotextil.es\/en\/wp-json\/wp\/v2\/product_tag?post=402201"}],"curies":[{"name":"wp","href":"https:\/\/api.w.org\/{rel}","templated":true}]}}