{"id":402275,"date":"2026-03-08T05:36:12","date_gmt":"2026-03-08T04:36:12","guid":{"rendered":"https:\/\/grupotextil.es\/producto\/bolsa-enrollable-impermeable\/"},"modified":"2026-03-08T05:36:12","modified_gmt":"2026-03-08T04:36:12","slug":"bolsa-enrollable-impermeable","status":"publish","type":"product","link":"https:\/\/grupotextil.es\/en\/product\/bolsa-enrollable-impermeable\/","title":{"rendered":"Bag enrollable impermeable"},"content":{"rendered":"<ul>\n<li>100% Poli\u00e9ster (Reciclado, 600D)<\/li>\n<li>Parte frontal: revestimiento de PU, parte posterior: revestimiento de TPU<\/li>\n<li>Tela impermeable<\/li>\n<li>Correas de hombro ajustables y acolchadas<\/li>\n<li>Cierre enrollable<\/li>\n<li>Compartimento principal impermeable<\/li>\n<li>Bolsillo delantero con cremallera<\/li>\n<li>Correas de compresi\u00f3n de doble cara.<\/li>\n<li>etiqueta extra\u00edble para facilitar el cambio de marca<\/li>\n<li>Capacidad: 18 Litros<\/li>\n<li>Dimensiones: 31x46x12,5 cm<\/li>\n<li>M\u00e1x. bordado: aro de 15 tubulares<\/li>\n<li>M\u00e1x. \u00e1rea de impresi\u00f3n: 19&#215;22 cm.<\/li>\n<\/ul>","protected":false},"excerpt":{"rendered":"<p>100% Poli\u00e9ster (Reciclado, 600D)Parte frontal: revestimiento de PU, parte posterior: revestimiento de TPUTela impermeableCorreas de hombro ajustables y acolchadasCierre enrollableCompartimento prin&#8230;<\/p>","protected":false},"featured_media":428176,"comment_status":"open","ping_status":"closed","template":"","meta":{"_acf_changed":false},"product_brand":[11657],"product_cat":[13954,13974,13930,13975,13973],"product_tag":[],"class_list":{"0":"post-402275","1":"product","2":"type-product","3":"status-publish","4":"has-post-thumbnail","6":"product_brand-quadra","7":"product_cat-acc-bolsas-y-mochilas","8":"product_cat-ropa-hombre","9":"product_cat-laboral","10":"product_cat-ropa-mujer","11":"product_cat-ropa","12":"tm-no-options","14":"first","15":"instock","16":"taxable","17":"shipping-taxable","18":"product-type-variable"},"acf":[],"_links":{"self":[{"href":"https:\/\/grupotextil.es\/en\/wp-json\/wp\/v2\/product\/402275","targetHints":{"allow":["GET"]}}],"collection":[{"href":"https:\/\/grupotextil.es\/en\/wp-json\/wp\/v2\/product"}],"about":[{"href":"https:\/\/grupotextil.es\/en\/wp-json\/wp\/v2\/types\/product"}],"replies":[{"embeddable":true,"href":"https:\/\/grupotextil.es\/en\/wp-json\/wp\/v2\/comments?post=402275"}],"wp:featuredmedia":[{"embeddable":true,"href":"https:\/\/grupotextil.es\/en\/wp-json\/wp\/v2\/media\/428176"}],"wp:attachment":[{"href":"https:\/\/grupotextil.es\/en\/wp-json\/wp\/v2\/media?parent=402275"}],"wp:term":[{"taxonomy":"product_brand","embeddable":true,"href":"https:\/\/grupotextil.es\/en\/wp-json\/wp\/v2\/product_brand?post=402275"},{"taxonomy":"product_cat","embeddable":true,"href":"https:\/\/grupotextil.es\/en\/wp-json\/wp\/v2\/product_cat?post=402275"},{"taxonomy":"product_tag","embeddable":true,"href":"https:\/\/grupotextil.es\/en\/wp-json\/wp\/v2\/product_tag?post=402275"}],"curies":[{"name":"wp","href":"https:\/\/api.w.org\/{rel}","templated":true}]}}