{"id":402395,"date":"2026-03-08T05:37:32","date_gmt":"2026-03-08T04:37:32","guid":{"rendered":"https:\/\/grupotextil.es\/producto\/pantalon-de-trabajo-sarga-largo-32\/"},"modified":"2026-03-08T05:37:32","modified_gmt":"2026-03-08T04:37:32","slug":"pantalon-de-trabajo-sarga-largo-32","status":"publish","type":"product","link":"https:\/\/grupotextil.es\/en\/product\/pantalon-de-trabajo-sarga-largo-32\/","title":{"rendered":"Trouser de trabajo sarga largo 32\u201d"},"content":{"rendered":"<ul>\n<li>245 g\/m\u00b2<\/li>\n<li>65% poli\u00e9ster, 35% algod\u00f3n sarga<\/li>\n<li>Cintura el\u00e1stica para m\u00e1s comodidad<\/li>\n<li>Dise\u00f1o moderno<\/li>\n<li>2 bolsillos traseros con solapa<\/li>\n<li>Bolsillo para el m\u00f3vil<\/li>\n<li>Bolsillo cargo en pierna derecha<\/li>\n<li>M\u00e1s tallas para este productos, consulta el producto 934.00.<\/li>\n<\/ul>","protected":false},"excerpt":{"rendered":"<p>245 g\/m\u00b265% poli\u00e9ster, 35% algod\u00f3n sargaCintura el\u00e1stica para m\u00e1s comodidadDise\u00f1o moderno2 bolsillos traseros con solapaBolsillo para el m\u00f3vilBolsillo cargo en pierna derechaM\u00e1s tallas para este pr&#8230;<\/p>","protected":false},"featured_media":428225,"comment_status":"open","ping_status":"closed","template":"","meta":{"_acf_changed":false},"product_brand":[11670],"product_cat":[13954,13974,13930,13975,13973],"product_tag":[],"class_list":{"0":"post-402395","1":"product","2":"type-product","3":"status-publish","4":"has-post-thumbnail","6":"product_brand-russell-europe","7":"product_cat-acc-bolsas-y-mochilas","8":"product_cat-ropa-hombre","9":"product_cat-laboral","10":"product_cat-ropa-mujer","11":"product_cat-ropa","12":"tm-no-options","14":"first","15":"instock","16":"taxable","17":"shipping-taxable","18":"product-type-variable"},"acf":[],"_links":{"self":[{"href":"https:\/\/grupotextil.es\/en\/wp-json\/wp\/v2\/product\/402395","targetHints":{"allow":["GET"]}}],"collection":[{"href":"https:\/\/grupotextil.es\/en\/wp-json\/wp\/v2\/product"}],"about":[{"href":"https:\/\/grupotextil.es\/en\/wp-json\/wp\/v2\/types\/product"}],"replies":[{"embeddable":true,"href":"https:\/\/grupotextil.es\/en\/wp-json\/wp\/v2\/comments?post=402395"}],"wp:featuredmedia":[{"embeddable":true,"href":"https:\/\/grupotextil.es\/en\/wp-json\/wp\/v2\/media\/428225"}],"wp:attachment":[{"href":"https:\/\/grupotextil.es\/en\/wp-json\/wp\/v2\/media?parent=402395"}],"wp:term":[{"taxonomy":"product_brand","embeddable":true,"href":"https:\/\/grupotextil.es\/en\/wp-json\/wp\/v2\/product_brand?post=402395"},{"taxonomy":"product_cat","embeddable":true,"href":"https:\/\/grupotextil.es\/en\/wp-json\/wp\/v2\/product_cat?post=402395"},{"taxonomy":"product_tag","embeddable":true,"href":"https:\/\/grupotextil.es\/en\/wp-json\/wp\/v2\/product_tag?post=402395"}],"curies":[{"name":"wp","href":"https:\/\/api.w.org\/{rel}","templated":true}]}}