{"id":402550,"date":"2026-03-08T05:37:44","date_gmt":"2026-03-08T04:37:44","guid":{"rendered":"https:\/\/grupotextil.es\/producto\/chaqueta-ligera-con-capucha-mujer-2\/"},"modified":"2026-03-08T05:37:44","modified_gmt":"2026-03-08T04:37:44","slug":"chaqueta-ligera-con-capucha-mujer-2","status":"publish","type":"product","link":"https:\/\/grupotextil.es\/en\/product\/chaqueta-ligera-con-capucha-mujer-2\/","title":{"rendered":"Chaqueta ligera con capucha mujer"},"content":{"rendered":"<ul>\n<li>135 g\/m\u00b2<\/li>\n<li>100% poli\u00e9ster<\/li>\n<li>Ligera<\/li>\n<li>Tela el\u00e1stica<\/li>\n<li>Secado r\u00e1pido<\/li>\n<li>Capucha integral con cord\u00f3n para ajustar<\/li>\n<li>Cremallera completa<\/li>\n<li>Bolsillos laterales con cremallera<\/li>\n<li>Costuras ergon\u00f3micas<\/li>\n<li>Ajuste entallado<\/li>\n<\/ul>","protected":false},"excerpt":{"rendered":"<p>135 g\/m\u00b2100% poli\u00e9sterLigeraTela el\u00e1sticaSecado r\u00e1pidoCapucha integral con cord\u00f3n para ajustarCremallera completaBolsillos laterales con cremalleraCosturas ergon\u00f3micasAjuste entallado<\/p>","protected":false},"featured_media":428331,"comment_status":"open","ping_status":"closed","template":"","meta":{"_acf_changed":false},"product_brand":[11669],"product_cat":[13954,13974,13930,13975,13973],"product_tag":[],"class_list":{"0":"post-402550","1":"product","2":"type-product","3":"status-publish","4":"has-post-thumbnail","6":"product_brand-result","7":"product_cat-acc-bolsas-y-mochilas","8":"product_cat-ropa-hombre","9":"product_cat-laboral","10":"product_cat-ropa-mujer","11":"product_cat-ropa","12":"tm-no-options","14":"first","15":"instock","16":"taxable","17":"shipping-taxable","18":"product-type-variable"},"acf":[],"_links":{"self":[{"href":"https:\/\/grupotextil.es\/en\/wp-json\/wp\/v2\/product\/402550","targetHints":{"allow":["GET"]}}],"collection":[{"href":"https:\/\/grupotextil.es\/en\/wp-json\/wp\/v2\/product"}],"about":[{"href":"https:\/\/grupotextil.es\/en\/wp-json\/wp\/v2\/types\/product"}],"replies":[{"embeddable":true,"href":"https:\/\/grupotextil.es\/en\/wp-json\/wp\/v2\/comments?post=402550"}],"wp:featuredmedia":[{"embeddable":true,"href":"https:\/\/grupotextil.es\/en\/wp-json\/wp\/v2\/media\/428331"}],"wp:attachment":[{"href":"https:\/\/grupotextil.es\/en\/wp-json\/wp\/v2\/media?parent=402550"}],"wp:term":[{"taxonomy":"product_brand","embeddable":true,"href":"https:\/\/grupotextil.es\/en\/wp-json\/wp\/v2\/product_brand?post=402550"},{"taxonomy":"product_cat","embeddable":true,"href":"https:\/\/grupotextil.es\/en\/wp-json\/wp\/v2\/product_cat?post=402550"},{"taxonomy":"product_tag","embeddable":true,"href":"https:\/\/grupotextil.es\/en\/wp-json\/wp\/v2\/product_tag?post=402550"}],"curies":[{"name":"wp","href":"https:\/\/api.w.org\/{rel}","templated":true}]}}