{"id":402557,"date":"2026-03-08T05:37:45","date_gmt":"2026-03-08T04:37:45","guid":{"rendered":"https:\/\/grupotextil.es\/producto\/chaqueta-chef-gustav-manga-corta\/"},"modified":"2026-03-08T05:37:45","modified_gmt":"2026-03-08T04:37:45","slug":"chaqueta-chef-gustav-manga-corta","status":"publish","type":"product","link":"https:\/\/grupotextil.es\/en\/product\/chaqueta-chef-gustav-manga-corta\/","title":{"rendered":"Chaqueta de chef Gustav manga corta"},"content":{"rendered":"<ul>\n<li>215 g\/m\u00b2<\/li>\n<li>65% poli\u00e9ster, 35% algod\u00f3n preencogido, tejido de gran calidad<\/li>\n<li>Fila de 5 botones<\/li>\n<li>Bolsillo en el pecho con compartimento para bol\u00edgrafo<\/li>\n<li>Manga corta<\/li>\n<li>No desti\u00f1e<\/li>\n<li>Apropiado para lavado industrial<\/li>\n<li>Lavado a 95\u00baC<\/li>\n<\/ul>","protected":false},"excerpt":{"rendered":"<p>215 g\/m\u00b265% poli\u00e9ster, 35% algod\u00f3n preencogido, tejido de gran calidadFila de 5 botonesBolsillo en el pecho con compartimento para bol\u00edgrafoManga cortaNo desti\u00f1eApropiado para lavado industrialLavado<\/p>","protected":false},"featured_media":428339,"comment_status":"open","ping_status":"closed","template":"","meta":{"_acf_changed":false},"product_brand":[11673],"product_cat":[13954,13974,13930,13975,13973],"product_tag":[],"class_list":{"0":"post-402557","1":"product","2":"type-product","3":"status-publish","4":"has-post-thumbnail","6":"product_brand-karlowsky","7":"product_cat-acc-bolsas-y-mochilas","8":"product_cat-ropa-hombre","9":"product_cat-laboral","10":"product_cat-ropa-mujer","11":"product_cat-ropa","12":"tm-no-options","14":"first","15":"instock","16":"taxable","17":"shipping-taxable","18":"product-type-variable"},"acf":[],"_links":{"self":[{"href":"https:\/\/grupotextil.es\/en\/wp-json\/wp\/v2\/product\/402557","targetHints":{"allow":["GET"]}}],"collection":[{"href":"https:\/\/grupotextil.es\/en\/wp-json\/wp\/v2\/product"}],"about":[{"href":"https:\/\/grupotextil.es\/en\/wp-json\/wp\/v2\/types\/product"}],"replies":[{"embeddable":true,"href":"https:\/\/grupotextil.es\/en\/wp-json\/wp\/v2\/comments?post=402557"}],"wp:featuredmedia":[{"embeddable":true,"href":"https:\/\/grupotextil.es\/en\/wp-json\/wp\/v2\/media\/428339"}],"wp:attachment":[{"href":"https:\/\/grupotextil.es\/en\/wp-json\/wp\/v2\/media?parent=402557"}],"wp:term":[{"taxonomy":"product_brand","embeddable":true,"href":"https:\/\/grupotextil.es\/en\/wp-json\/wp\/v2\/product_brand?post=402557"},{"taxonomy":"product_cat","embeddable":true,"href":"https:\/\/grupotextil.es\/en\/wp-json\/wp\/v2\/product_cat?post=402557"},{"taxonomy":"product_tag","embeddable":true,"href":"https:\/\/grupotextil.es\/en\/wp-json\/wp\/v2\/product_tag?post=402557"}],"curies":[{"name":"wp","href":"https:\/\/api.w.org\/{rel}","templated":true}]}}