{"id":402652,"date":"2026-03-08T05:37:50","date_gmt":"2026-03-08T04:37:50","guid":{"rendered":"https:\/\/grupotextil.es\/producto\/mochila-zurich-roll-top\/"},"modified":"2026-03-08T05:37:50","modified_gmt":"2026-03-08T04:37:50","slug":"mochila-zurich-roll-top","status":"publish","type":"product","link":"https:\/\/grupotextil.es\/en\/product\/mochila-zurich-roll-top\/","title":{"rendered":"Mochila Z\u00fcrich roll-top"},"content":{"rendered":"<ul>\n<li>422 g\/m\u00b2<\/li>\n<li>100 % poli\u00e9ster 900D (reciclado)<\/li>\n<li>100 % poli\u00e9ster 600D con revestimiento de PU mate (reciclado)<\/li>\n<li>Contiene 100 % poli\u00e9ster reciclado certificado GRS (certificado por Control Union CU811033)<\/li>\n<li>Compartimento acolchado para port\u00e1til de hasta 16\u201d<\/li>\n<li>Bolsillo lateral el\u00e1stico<\/li>\n<li>Bolsillo frontal exterior con cremallera para facilitar la personalizaci\u00f3n<\/li>\n<li>Bolsillo lateral con cremallera y bolsillos internos de malla<\/li>\n<li>Gancho interior para llaves<\/li>\n<li>Panel trasero acolchado<\/li>\n<li>Cierre enrollable<\/li>\n<li>Correas de hombro acolchadas y ajustables de malla de aire<\/li>\n<li>Correa trasera de equipaje<\/li>\n<li>Correas de compresi\u00f3n<\/li>\n<li>Asas de transporte acolchadas<\/li>\n<li>Correa pectoral ajustable<\/li>\n<li>Etiqueta extra\u00edble para facilitar el cambio de marca<\/li>\n<li>Capacidad: 25 litros<\/li>\n<li>Dimensiones: 33 x 50 x 18 cm<\/li>\n<\/ul>","protected":false},"excerpt":{"rendered":"<p>422 g\/m\u00b2100 % poli\u00e9ster 900D (reciclado)100 % poli\u00e9ster 600D con revestimiento de PU mate (reciclado)Contiene 100 % poli\u00e9ster reciclado certificado GRS (certificado por Control Union CU811033)Comparti<\/p>","protected":false},"featured_media":428411,"comment_status":"open","ping_status":"closed","template":"","meta":{"_acf_changed":false},"product_brand":[11657],"product_cat":[13954,13974,13930,13975,13973],"product_tag":[14010],"class_list":{"0":"post-402652","1":"product","2":"type-product","3":"status-publish","4":"has-post-thumbnail","6":"product_brand-quadra","7":"product_cat-acc-bolsas-y-mochilas","8":"product_cat-ropa-hombre","9":"product_cat-laboral","10":"product_cat-ropa-mujer","11":"product_cat-ropa","12":"product_tag-nuevo-2026","13":"tm-no-options","15":"first","16":"instock","17":"taxable","18":"shipping-taxable","19":"product-type-variable"},"acf":[],"_links":{"self":[{"href":"https:\/\/grupotextil.es\/en\/wp-json\/wp\/v2\/product\/402652","targetHints":{"allow":["GET"]}}],"collection":[{"href":"https:\/\/grupotextil.es\/en\/wp-json\/wp\/v2\/product"}],"about":[{"href":"https:\/\/grupotextil.es\/en\/wp-json\/wp\/v2\/types\/product"}],"replies":[{"embeddable":true,"href":"https:\/\/grupotextil.es\/en\/wp-json\/wp\/v2\/comments?post=402652"}],"wp:featuredmedia":[{"embeddable":true,"href":"https:\/\/grupotextil.es\/en\/wp-json\/wp\/v2\/media\/428411"}],"wp:attachment":[{"href":"https:\/\/grupotextil.es\/en\/wp-json\/wp\/v2\/media?parent=402652"}],"wp:term":[{"taxonomy":"product_brand","embeddable":true,"href":"https:\/\/grupotextil.es\/en\/wp-json\/wp\/v2\/product_brand?post=402652"},{"taxonomy":"product_cat","embeddable":true,"href":"https:\/\/grupotextil.es\/en\/wp-json\/wp\/v2\/product_cat?post=402652"},{"taxonomy":"product_tag","embeddable":true,"href":"https:\/\/grupotextil.es\/en\/wp-json\/wp\/v2\/product_tag?post=402652"}],"curies":[{"name":"wp","href":"https:\/\/api.w.org\/{rel}","templated":true}]}}