{"id":402735,"date":"2026-03-08T05:38:04","date_gmt":"2026-03-08T04:38:04","guid":{"rendered":"https:\/\/grupotextil.es\/producto\/pantalon-authentic-jog-hombre\/"},"modified":"2026-03-08T05:38:04","modified_gmt":"2026-03-08T04:38:04","slug":"pantalon-authentic-jog-hombre","status":"publish","type":"product","link":"https:\/\/grupotextil.es\/en\/product\/pantalon-authentic-jog-hombre\/","title":{"rendered":"Pantal\u00f3n Authentic Jog hombre"},"content":{"rendered":"<ul>\n<li>280 g\/m\u00b2<\/li>\n<li>80% algod\u00f3n ring-spun peinado, 20% poli\u00e9ster<\/li>\n<li>Bajo y ciintura en canal\u00e9<\/li>\n<li>Cord\u00f3n grueso y plano<\/li>\n<li>Bolsillos del mismo tejido<\/li>\n<li>Corte moderno<\/li>\n<\/ul>","protected":false},"excerpt":{"rendered":"<p>280 g\/m\u00b280% algod\u00f3n ring-spun peinado, 20% poli\u00e9sterBajo y ciintura en canal\u00e9Cord\u00f3n grueso y planoBolsillos del mismo tejidoCorte moderno<\/p>","protected":false},"featured_media":428485,"comment_status":"open","ping_status":"closed","template":"","meta":{"_acf_changed":false},"product_brand":[11670],"product_cat":[13954,13974,13932,13930,13975,13983,13973],"product_tag":[14009],"class_list":{"0":"post-402735","1":"product","2":"type-product","3":"status-publish","4":"has-post-thumbnail","6":"product_brand-russell-europe","7":"product_cat-acc-bolsas-y-mochilas","8":"product_cat-ropa-hombre","9":"product_cat-hosteleria-horeca","10":"product_cat-laboral","11":"product_cat-ropa-mujer","12":"product_cat-h-pantalones","13":"product_cat-ropa","14":"product_tag-top-ventas","15":"tm-no-options","17":"first","18":"instock","19":"taxable","20":"shipping-taxable","21":"product-type-variable"},"acf":[],"_links":{"self":[{"href":"https:\/\/grupotextil.es\/en\/wp-json\/wp\/v2\/product\/402735","targetHints":{"allow":["GET"]}}],"collection":[{"href":"https:\/\/grupotextil.es\/en\/wp-json\/wp\/v2\/product"}],"about":[{"href":"https:\/\/grupotextil.es\/en\/wp-json\/wp\/v2\/types\/product"}],"replies":[{"embeddable":true,"href":"https:\/\/grupotextil.es\/en\/wp-json\/wp\/v2\/comments?post=402735"}],"wp:featuredmedia":[{"embeddable":true,"href":"https:\/\/grupotextil.es\/en\/wp-json\/wp\/v2\/media\/428485"}],"wp:attachment":[{"href":"https:\/\/grupotextil.es\/en\/wp-json\/wp\/v2\/media?parent=402735"}],"wp:term":[{"taxonomy":"product_brand","embeddable":true,"href":"https:\/\/grupotextil.es\/en\/wp-json\/wp\/v2\/product_brand?post=402735"},{"taxonomy":"product_cat","embeddable":true,"href":"https:\/\/grupotextil.es\/en\/wp-json\/wp\/v2\/product_cat?post=402735"},{"taxonomy":"product_tag","embeddable":true,"href":"https:\/\/grupotextil.es\/en\/wp-json\/wp\/v2\/product_tag?post=402735"}],"curies":[{"name":"wp","href":"https:\/\/api.w.org\/{rel}","templated":true}]}}