{"id":402823,"date":"2026-03-08T05:38:41","date_gmt":"2026-03-08T04:38:41","guid":{"rendered":"https:\/\/grupotextil.es\/producto\/bolsa-yute-almidonado-bolsillo-de-algodon-natural\/"},"modified":"2026-03-08T05:38:41","modified_gmt":"2026-03-08T04:38:41","slug":"bolsa-yute-almidonado-bolsillo-de-algodon-natural","status":"publish","type":"product","link":"https:\/\/grupotextil.es\/en\/product\/bolsa-yute-almidonado-bolsillo-de-algodon-natural\/","title":{"rendered":"Bag yute almidonado bolsillo Cotton natural"},"content":{"rendered":"<ul>\n<li>100% Yute (Sin Laminar y Almidonado)<\/li>\n<li>Bolsillo delantero: 340 g\/m\u00b2, 100% Algod\u00f3n (Lona)<\/li>\n<li>Asas de transporte de algod\u00f3n (longitud: 55cm)<\/li>\n<li>Se puede llevar en la mano o al hombro<\/li>\n<li>Bolsillo frontal apto para imprimir<\/li>\n<li>Etiqueta extra\u00edble para facilitar el cambio de marca<\/li>\n<li>Capacidad: 21 Litros<\/li>\n<li>Dimensiones: 42x33x19cm<\/li>\n<li>M\u00e1x. bordado: aro de 18 tubulares<\/li>\n<li>M\u00e1x. \u00e1rea de impresi\u00f3n: 36x22cm.<\/li>\n<\/ul>","protected":false},"excerpt":{"rendered":"<p>100% Yute (Sin Laminar y Almidonado)Bolsillo delantero: 340 g\/m\u00b2, 100% Algod\u00f3n (Lona)Asas de transporte de algod\u00f3n (longitud: 55cm)Se puede llevar en la mano o al hombroBolsillo frontal apto para i&#8230;<\/p>","protected":false},"featured_media":428534,"comment_status":"open","ping_status":"closed","template":"","meta":{"_acf_changed":false},"product_brand":[11680],"product_cat":[13954,13974,13932,13930,13975,13983,13973],"product_tag":[],"class_list":{"0":"post-402823","1":"product","2":"type-product","3":"status-publish","4":"has-post-thumbnail","6":"product_brand-westford-mill","7":"product_cat-acc-bolsas-y-mochilas","8":"product_cat-ropa-hombre","9":"product_cat-hosteleria-horeca","10":"product_cat-laboral","11":"product_cat-ropa-mujer","12":"product_cat-h-pantalones","13":"product_cat-ropa","14":"tm-no-options","16":"first","17":"instock","18":"taxable","19":"shipping-taxable","20":"product-type-variable"},"acf":[],"_links":{"self":[{"href":"https:\/\/grupotextil.es\/en\/wp-json\/wp\/v2\/product\/402823","targetHints":{"allow":["GET"]}}],"collection":[{"href":"https:\/\/grupotextil.es\/en\/wp-json\/wp\/v2\/product"}],"about":[{"href":"https:\/\/grupotextil.es\/en\/wp-json\/wp\/v2\/types\/product"}],"replies":[{"embeddable":true,"href":"https:\/\/grupotextil.es\/en\/wp-json\/wp\/v2\/comments?post=402823"}],"wp:featuredmedia":[{"embeddable":true,"href":"https:\/\/grupotextil.es\/en\/wp-json\/wp\/v2\/media\/428534"}],"wp:attachment":[{"href":"https:\/\/grupotextil.es\/en\/wp-json\/wp\/v2\/media?parent=402823"}],"wp:term":[{"taxonomy":"product_brand","embeddable":true,"href":"https:\/\/grupotextil.es\/en\/wp-json\/wp\/v2\/product_brand?post=402823"},{"taxonomy":"product_cat","embeddable":true,"href":"https:\/\/grupotextil.es\/en\/wp-json\/wp\/v2\/product_cat?post=402823"},{"taxonomy":"product_tag","embeddable":true,"href":"https:\/\/grupotextil.es\/en\/wp-json\/wp\/v2\/product_tag?post=402823"}],"curies":[{"name":"wp","href":"https:\/\/api.w.org\/{rel}","templated":true}]}}