{"id":402954,"date":"2026-03-08T05:38:51","date_gmt":"2026-03-08T04:38:51","guid":{"rendered":"https:\/\/grupotextil.es\/producto\/bolsa-mediana-escape\/"},"modified":"2026-03-08T05:38:51","modified_gmt":"2026-03-08T04:38:51","slug":"bolsa-mediana-escape","status":"publish","type":"product","link":"https:\/\/grupotextil.es\/en\/product\/bolsa-mediana-escape\/","title":{"rendered":"Bag mediana Escape"},"content":{"rendered":"<ul>\n<li>100% poli\u00e9ster (600D)<\/li>\n<li>Asa doble retr\u00e1ctil de alta estabilidad<\/li>\n<li>Correas de compresi\u00f3n y asas superiores y laterales acolchadas<\/li>\n<li>Cierre del compartimento principal bloqueable<\/li>\n<li>Gran compartimento frontal con cremallera y con divisor interno de malla<\/li>\n<li>Compartimento acolchado para laptop, compatible hasta 15.6<\/li>\n<li>Bolsillo interno con cremallera<\/li>\n<li>Compatible con cabina de avi\u00f3n: adecuado para la mayor\u00eda de las aerol\u00edneas<\/li>\n<li>Ruedas resistentes<\/li>\n<li>Se puede personalizar a\u00fan m\u00e1s con BG485 (946.29) Escape Handle Wrap<\/li>\n<li>Etiqueta extra\u00edble para facilitar el rebranding<\/li>\n<li>Capacidad: 40 litros<\/li>\n<li>Medidas: 35 x 54 x 30 cm<\/li>\n<li>Max. bordado: 22 aro tubular<\/li>\n<li>Max. \u00c1rea de impresi\u00f3n: 22 x 36 cm<\/li>\n<\/ul>","protected":false},"excerpt":{"rendered":"<p>100% poli\u00e9ster (600D)Asa doble retr\u00e1ctil de alta estabilidadCorreas de compresi\u00f3n y asas superiores y laterales acolchadasCierre del compartimento principal bloqueableGran compartimento frontal con&#8230;<\/p>","protected":false},"featured_media":428675,"comment_status":"open","ping_status":"closed","template":"","meta":{"_acf_changed":false},"product_brand":[11668],"product_cat":[13954,13974,13932,13930,13975,13983,13973],"product_tag":[],"class_list":{"0":"post-402954","1":"product","2":"type-product","3":"status-publish","4":"has-post-thumbnail","6":"product_brand-bag-base","7":"product_cat-acc-bolsas-y-mochilas","8":"product_cat-ropa-hombre","9":"product_cat-hosteleria-horeca","10":"product_cat-laboral","11":"product_cat-ropa-mujer","12":"product_cat-h-pantalones","13":"product_cat-ropa","14":"tm-no-options","16":"first","17":"instock","18":"taxable","19":"shipping-taxable","20":"product-type-variable"},"acf":[],"_links":{"self":[{"href":"https:\/\/grupotextil.es\/en\/wp-json\/wp\/v2\/product\/402954","targetHints":{"allow":["GET"]}}],"collection":[{"href":"https:\/\/grupotextil.es\/en\/wp-json\/wp\/v2\/product"}],"about":[{"href":"https:\/\/grupotextil.es\/en\/wp-json\/wp\/v2\/types\/product"}],"replies":[{"embeddable":true,"href":"https:\/\/grupotextil.es\/en\/wp-json\/wp\/v2\/comments?post=402954"}],"wp:featuredmedia":[{"embeddable":true,"href":"https:\/\/grupotextil.es\/en\/wp-json\/wp\/v2\/media\/428675"}],"wp:attachment":[{"href":"https:\/\/grupotextil.es\/en\/wp-json\/wp\/v2\/media?parent=402954"}],"wp:term":[{"taxonomy":"product_brand","embeddable":true,"href":"https:\/\/grupotextil.es\/en\/wp-json\/wp\/v2\/product_brand?post=402954"},{"taxonomy":"product_cat","embeddable":true,"href":"https:\/\/grupotextil.es\/en\/wp-json\/wp\/v2\/product_cat?post=402954"},{"taxonomy":"product_tag","embeddable":true,"href":"https:\/\/grupotextil.es\/en\/wp-json\/wp\/v2\/product_tag?post=402954"}],"curies":[{"name":"wp","href":"https:\/\/api.w.org\/{rel}","templated":true}]}}