{"id":402957,"date":"2026-03-08T05:38:52","date_gmt":"2026-03-08T04:38:52","guid":{"rendered":"https:\/\/grupotextil.es\/producto\/delantal-paris\/"},"modified":"2026-03-08T05:38:52","modified_gmt":"2026-03-08T04:38:52","slug":"delantal-paris","status":"publish","type":"product","link":"https:\/\/grupotextil.es\/en\/product\/delantal-paris\/","title":{"rendered":"Apron PARIS"},"content":{"rendered":"<ul>\n<li>205 g\/m\u00b2<\/li>\n<li>65% poli\u00e9ster, 35% algod\u00f3n<\/li>\n<li>Delantal largo, funcional<\/li>\n<li>C\u00f3modo y elegante con puntos de tensi\u00f3n reforzados para soportar mayor desgaste<\/li>\n<li>Medidas: 78 x 110 cm<\/li>\n<li>Lavable a 60\u00b0C<\/li>\n<\/ul>","protected":false},"excerpt":{"rendered":"<p>205 g\/m\u00b265% poli\u00e9ster, 35% algod\u00f3nDelantal largo, funcionalC\u00f3modo y elegante con puntos de tensi\u00f3n reforzados para soportar mayor desgasteMedidas: 78 x 110 cmLavable a 60\u00b0C<\/p>","protected":false},"featured_media":428684,"comment_status":"open","ping_status":"closed","template":"","meta":{"_acf_changed":false},"product_brand":[11683],"product_cat":[13954,13974,13932,13930,13975,13983,13973],"product_tag":[14009],"class_list":{"0":"post-402957","1":"product","2":"type-product","3":"status-publish","4":"has-post-thumbnail","6":"product_brand-sg-accessories-bistro","7":"product_cat-acc-bolsas-y-mochilas","8":"product_cat-ropa-hombre","9":"product_cat-hosteleria-horeca","10":"product_cat-laboral","11":"product_cat-ropa-mujer","12":"product_cat-h-pantalones","13":"product_cat-ropa","14":"product_tag-top-ventas","15":"tm-no-options","17":"first","18":"instock","19":"taxable","20":"shipping-taxable","21":"product-type-variable"},"acf":[],"_links":{"self":[{"href":"https:\/\/grupotextil.es\/en\/wp-json\/wp\/v2\/product\/402957","targetHints":{"allow":["GET"]}}],"collection":[{"href":"https:\/\/grupotextil.es\/en\/wp-json\/wp\/v2\/product"}],"about":[{"href":"https:\/\/grupotextil.es\/en\/wp-json\/wp\/v2\/types\/product"}],"replies":[{"embeddable":true,"href":"https:\/\/grupotextil.es\/en\/wp-json\/wp\/v2\/comments?post=402957"}],"wp:featuredmedia":[{"embeddable":true,"href":"https:\/\/grupotextil.es\/en\/wp-json\/wp\/v2\/media\/428684"}],"wp:attachment":[{"href":"https:\/\/grupotextil.es\/en\/wp-json\/wp\/v2\/media?parent=402957"}],"wp:term":[{"taxonomy":"product_brand","embeddable":true,"href":"https:\/\/grupotextil.es\/en\/wp-json\/wp\/v2\/product_brand?post=402957"},{"taxonomy":"product_cat","embeddable":true,"href":"https:\/\/grupotextil.es\/en\/wp-json\/wp\/v2\/product_cat?post=402957"},{"taxonomy":"product_tag","embeddable":true,"href":"https:\/\/grupotextil.es\/en\/wp-json\/wp\/v2\/product_tag?post=402957"}],"curies":[{"name":"wp","href":"https:\/\/api.w.org\/{rel}","templated":true}]}}