{"id":402984,"date":"2026-03-08T05:38:54","date_gmt":"2026-03-08T04:38:54","guid":{"rendered":"https:\/\/grupotextil.es\/producto\/bolsa-grande-escape\/"},"modified":"2026-03-08T05:38:54","modified_gmt":"2026-03-08T04:38:54","slug":"bolsa-grande-escape","status":"publish","type":"product","link":"https:\/\/grupotextil.es\/en\/product\/bolsa-grande-escape\/","title":{"rendered":"Bag grande Escape"},"content":{"rendered":"<ul>\n<li>100% poli\u00e9ster (600D)<\/li>\n<li>Asa doble retr\u00e1ctil de alta estabilidad<\/li>\n<li>Correas de compresi\u00f3n y asas superiores y laterales acolchadas<\/li>\n<li>Asas delanteras y resistentes<\/li>\n<li>Cierre del compartimento principal bloqueable<\/li>\n<li>Bolsillo externo para identificaci\u00f3n<\/li>\n<li>Envolturas de mango extra\u00edbles Rip-Strip \u2122 para facilitar la decoraci\u00f3n<\/li>\n<li>Ruedas resistentes<\/li>\n<li>Se puede personalizar a\u00fan m\u00e1s con BG485 (946.29) Escape Handle Wrap<\/li>\n<li>Etiqueta extra\u00edble para facilitar el rebranding<\/li>\n<li>Capacidad: 100 litros<\/li>\n<li>Medidas: 42 x 81 x 36 cm<\/li>\n<li>Max. bordado: 24 aros tubulares (frontal), marco r\u00e1pido 15 x 3.5 (mango Rip-Strip \u2122)<\/li>\n<li>Max. \u00c1rea de impresi\u00f3n: 25 x 25 cm (frontal), 15 x 3.5 cm (mango Rip-Strip \u2122)<\/li>\n<\/ul>","protected":false},"excerpt":{"rendered":"<p>100% poli\u00e9ster (600D)Asa doble retr\u00e1ctil de alta estabilidadCorreas de compresi\u00f3n y asas superiores y laterales acolchadasAsas delanteras y resistentesCierre del compartimento principal bloqueableB&#8230;<\/p>","protected":false},"featured_media":428695,"comment_status":"open","ping_status":"closed","template":"","meta":{"_acf_changed":false},"product_brand":[11668],"product_cat":[13954,13974,13932,13930,13975,13983,13973],"product_tag":[],"class_list":{"0":"post-402984","1":"product","2":"type-product","3":"status-publish","4":"has-post-thumbnail","6":"product_brand-bag-base","7":"product_cat-acc-bolsas-y-mochilas","8":"product_cat-ropa-hombre","9":"product_cat-hosteleria-horeca","10":"product_cat-laboral","11":"product_cat-ropa-mujer","12":"product_cat-h-pantalones","13":"product_cat-ropa","14":"tm-no-options","16":"first","17":"instock","18":"taxable","19":"shipping-taxable","20":"product-type-variable"},"acf":[],"_links":{"self":[{"href":"https:\/\/grupotextil.es\/en\/wp-json\/wp\/v2\/product\/402984","targetHints":{"allow":["GET"]}}],"collection":[{"href":"https:\/\/grupotextil.es\/en\/wp-json\/wp\/v2\/product"}],"about":[{"href":"https:\/\/grupotextil.es\/en\/wp-json\/wp\/v2\/types\/product"}],"replies":[{"embeddable":true,"href":"https:\/\/grupotextil.es\/en\/wp-json\/wp\/v2\/comments?post=402984"}],"wp:featuredmedia":[{"embeddable":true,"href":"https:\/\/grupotextil.es\/en\/wp-json\/wp\/v2\/media\/428695"}],"wp:attachment":[{"href":"https:\/\/grupotextil.es\/en\/wp-json\/wp\/v2\/media?parent=402984"}],"wp:term":[{"taxonomy":"product_brand","embeddable":true,"href":"https:\/\/grupotextil.es\/en\/wp-json\/wp\/v2\/product_brand?post=402984"},{"taxonomy":"product_cat","embeddable":true,"href":"https:\/\/grupotextil.es\/en\/wp-json\/wp\/v2\/product_cat?post=402984"},{"taxonomy":"product_tag","embeddable":true,"href":"https:\/\/grupotextil.es\/en\/wp-json\/wp\/v2\/product_tag?post=402984"}],"curies":[{"name":"wp","href":"https:\/\/api.w.org\/{rel}","templated":true}]}}