{"id":403096,"date":"2026-03-08T05:39:10","date_gmt":"2026-03-08T04:39:10","guid":{"rendered":"https:\/\/grupotextil.es\/producto\/delantal-peto-bern-cuello-v-mujer\/"},"modified":"2026-03-08T05:39:10","modified_gmt":"2026-03-08T04:39:10","slug":"delantal-peto-bern-cuello-v-mujer","status":"publish","type":"product","link":"https:\/\/grupotextil.es\/en\/product\/delantal-peto-bern-cuello-v-mujer\/","title":{"rendered":"Delantal peto BERN cuello V mujer"},"content":{"rendered":"<ul>\n<li>205 g\/m\u00b2<\/li>\n<li>65% poli\u00e9ster, 35% algod\u00f3n<\/li>\n<li>Delantal de peto con cuello en V<\/li>\n<li>C\u00f3modo y elegante<\/li>\n<li>Ajustable en el cuello<\/li>\n<li>Con bolsillo de parche en el lado derecho<\/li>\n<li>F\u00e1cil cuidado<\/li>\n<li>No desti\u00f1e<\/li>\n<li>Medidas: 78 x 60 cm<\/li>\n<li>Lavable a 60\u00b0C<\/li>\n<\/ul>","protected":false},"excerpt":{"rendered":"<p>205 g\/m\u00b265% poli\u00e9ster, 35% algod\u00f3nDelantal de peto con cuello en VC\u00f3modo y eleganteAjustable en el cuelloCon bolsillo de parche en el lado derechoF\u00e1cil cuidadoNo desti\u00f1eMedidas: 78 x 60 cmLavable a 60<\/p>","protected":false},"featured_media":428769,"comment_status":"open","ping_status":"closed","template":"","meta":{"_acf_changed":false},"product_brand":[11683],"product_cat":[13954,13974,13932,13930,13975,13983,13973],"product_tag":[],"class_list":{"0":"post-403096","1":"product","2":"type-product","3":"status-publish","4":"has-post-thumbnail","6":"product_brand-sg-accessories-bistro","7":"product_cat-acc-bolsas-y-mochilas","8":"product_cat-ropa-hombre","9":"product_cat-hosteleria-horeca","10":"product_cat-laboral","11":"product_cat-ropa-mujer","12":"product_cat-h-pantalones","13":"product_cat-ropa","14":"tm-no-options","16":"first","17":"instock","18":"taxable","19":"shipping-taxable","20":"product-type-variable"},"acf":[],"_links":{"self":[{"href":"https:\/\/grupotextil.es\/en\/wp-json\/wp\/v2\/product\/403096","targetHints":{"allow":["GET"]}}],"collection":[{"href":"https:\/\/grupotextil.es\/en\/wp-json\/wp\/v2\/product"}],"about":[{"href":"https:\/\/grupotextil.es\/en\/wp-json\/wp\/v2\/types\/product"}],"replies":[{"embeddable":true,"href":"https:\/\/grupotextil.es\/en\/wp-json\/wp\/v2\/comments?post=403096"}],"wp:featuredmedia":[{"embeddable":true,"href":"https:\/\/grupotextil.es\/en\/wp-json\/wp\/v2\/media\/428769"}],"wp:attachment":[{"href":"https:\/\/grupotextil.es\/en\/wp-json\/wp\/v2\/media?parent=403096"}],"wp:term":[{"taxonomy":"product_brand","embeddable":true,"href":"https:\/\/grupotextil.es\/en\/wp-json\/wp\/v2\/product_brand?post=403096"},{"taxonomy":"product_cat","embeddable":true,"href":"https:\/\/grupotextil.es\/en\/wp-json\/wp\/v2\/product_cat?post=403096"},{"taxonomy":"product_tag","embeddable":true,"href":"https:\/\/grupotextil.es\/en\/wp-json\/wp\/v2\/product_tag?post=403096"}],"curies":[{"name":"wp","href":"https:\/\/api.w.org\/{rel}","templated":true}]}}