{"id":403147,"date":"2026-03-08T05:39:14","date_gmt":"2026-03-08T04:39:14","guid":{"rendered":"https:\/\/grupotextil.es\/producto\/pantalon-chino-corto\/"},"modified":"2026-03-08T05:39:14","modified_gmt":"2026-03-08T04:39:14","slug":"pantalon-chino-corto","status":"publish","type":"product","link":"https:\/\/grupotextil.es\/en\/product\/pantalon-chino-corto\/","title":{"rendered":"Trouser Chino corto"},"content":{"rendered":"<ul>\n<li>300 g\/m\u00b2<\/li>\n<li>98% algod\u00f3n, 2% elastano (sarga tacto melocot\u00f3n)<\/li>\n<li>Resistente al viento<\/li>\n<li>Cintura el\u00e1stica con trabillas<\/li>\n<li>Cremallera YKK frontal con cierre de bot\u00f3n<\/li>\n<li>Bolsillo frontal multiusos con cierre tipo velcro<\/li>\n<li>Bolsillos laterales<\/li>\n<li>Bolsillo trasero<\/li>\n<li>Costuras a doble aguja<\/li>\n<li>Costuras de refuerzo<\/li>\n<li>Pierna ajustada y corta<\/li>\n<li>Ajuste c\u00f3modo<\/li>\n<\/ul>","protected":false},"excerpt":{"rendered":"<p>300 g\/m\u00b298% algod\u00f3n, 2% elastano (sarga tacto melocot\u00f3n)Resistente al vientoCintura el\u00e1stica con trabillasCremallera YKK frontal con cierre de bot\u00f3nBolsillo frontal multiusos con cierre tipo velcroBol<\/p>","protected":false},"featured_media":428783,"comment_status":"open","ping_status":"closed","template":"","meta":{"_acf_changed":false},"product_brand":[11669],"product_cat":[13954,13974,13932,13930,13975,13983,13973],"product_tag":[],"class_list":{"0":"post-403147","1":"product","2":"type-product","3":"status-publish","4":"has-post-thumbnail","6":"product_brand-result","7":"product_cat-acc-bolsas-y-mochilas","8":"product_cat-ropa-hombre","9":"product_cat-hosteleria-horeca","10":"product_cat-laboral","11":"product_cat-ropa-mujer","12":"product_cat-h-pantalones","13":"product_cat-ropa","14":"tm-no-options","16":"first","17":"instock","18":"taxable","19":"shipping-taxable","20":"product-type-variable"},"acf":[],"_links":{"self":[{"href":"https:\/\/grupotextil.es\/en\/wp-json\/wp\/v2\/product\/403147","targetHints":{"allow":["GET"]}}],"collection":[{"href":"https:\/\/grupotextil.es\/en\/wp-json\/wp\/v2\/product"}],"about":[{"href":"https:\/\/grupotextil.es\/en\/wp-json\/wp\/v2\/types\/product"}],"replies":[{"embeddable":true,"href":"https:\/\/grupotextil.es\/en\/wp-json\/wp\/v2\/comments?post=403147"}],"wp:featuredmedia":[{"embeddable":true,"href":"https:\/\/grupotextil.es\/en\/wp-json\/wp\/v2\/media\/428783"}],"wp:attachment":[{"href":"https:\/\/grupotextil.es\/en\/wp-json\/wp\/v2\/media?parent=403147"}],"wp:term":[{"taxonomy":"product_brand","embeddable":true,"href":"https:\/\/grupotextil.es\/en\/wp-json\/wp\/v2\/product_brand?post=403147"},{"taxonomy":"product_cat","embeddable":true,"href":"https:\/\/grupotextil.es\/en\/wp-json\/wp\/v2\/product_cat?post=403147"},{"taxonomy":"product_tag","embeddable":true,"href":"https:\/\/grupotextil.es\/en\/wp-json\/wp\/v2\/product_tag?post=403147"}],"curies":[{"name":"wp","href":"https:\/\/api.w.org\/{rel}","templated":true}]}}