{"id":403318,"date":"2026-03-08T05:39:40","date_gmt":"2026-03-08T04:39:40","guid":{"rendered":"https:\/\/grupotextil.es\/producto\/gorro-original-reciclado\/"},"modified":"2026-03-08T05:39:40","modified_gmt":"2026-03-08T04:39:40","slug":"gorro-original-reciclado","status":"publish","type":"product","link":"https:\/\/grupotextil.es\/en\/product\/gorro-original-reciclado\/","title":{"rendered":"Beanie Original reciclado"},"content":{"rendered":"<ul>\n<li>100% poli\u00e9ster (reciclado)<\/li>\n<li>Poli\u00e9ster reciclado con 2.5 botellas aprox.<\/li>\n<li>Tejido de doble capa<\/li>\n<li>Base dise\u00f1ada para una decoraci\u00f3n \u00f3ptima<\/li>\n<li>Etiqueta extra\u00edble<\/li>\n<\/ul>","protected":false},"excerpt":{"rendered":"<p>100% poli\u00e9ster (reciclado)Poli\u00e9ster reciclado con 2.<\/p>","protected":false},"featured_media":428868,"comment_status":"open","ping_status":"closed","template":"","meta":{"_acf_changed":false},"product_brand":[11655],"product_cat":[13954,13990,13981,13974,13930,13975,13992,13983,13973],"product_tag":[],"class_list":{"0":"post-403318","1":"product","2":"type-product","3":"status-publish","4":"has-post-thumbnail","6":"product_brand-beechfield","7":"product_cat-acc-bolsas-y-mochilas","8":"product_cat-m-chaquetas-y-abrigos","9":"product_cat-h-chaquetas-y-abrigos","10":"product_cat-ropa-hombre","11":"product_cat-laboral","12":"product_cat-ropa-mujer","13":"product_cat-m-pantalones","14":"product_cat-h-pantalones","15":"product_cat-ropa","16":"tm-no-options","18":"first","19":"instock","20":"taxable","21":"shipping-taxable","22":"product-type-variable"},"acf":[],"_links":{"self":[{"href":"https:\/\/grupotextil.es\/en\/wp-json\/wp\/v2\/product\/403318","targetHints":{"allow":["GET"]}}],"collection":[{"href":"https:\/\/grupotextil.es\/en\/wp-json\/wp\/v2\/product"}],"about":[{"href":"https:\/\/grupotextil.es\/en\/wp-json\/wp\/v2\/types\/product"}],"replies":[{"embeddable":true,"href":"https:\/\/grupotextil.es\/en\/wp-json\/wp\/v2\/comments?post=403318"}],"wp:featuredmedia":[{"embeddable":true,"href":"https:\/\/grupotextil.es\/en\/wp-json\/wp\/v2\/media\/428868"}],"wp:attachment":[{"href":"https:\/\/grupotextil.es\/en\/wp-json\/wp\/v2\/media?parent=403318"}],"wp:term":[{"taxonomy":"product_brand","embeddable":true,"href":"https:\/\/grupotextil.es\/en\/wp-json\/wp\/v2\/product_brand?post=403318"},{"taxonomy":"product_cat","embeddable":true,"href":"https:\/\/grupotextil.es\/en\/wp-json\/wp\/v2\/product_cat?post=403318"},{"taxonomy":"product_tag","embeddable":true,"href":"https:\/\/grupotextil.es\/en\/wp-json\/wp\/v2\/product_tag?post=403318"}],"curies":[{"name":"wp","href":"https:\/\/api.w.org\/{rel}","templated":true}]}}