{"id":403364,"date":"2026-03-08T05:39:42","date_gmt":"2026-03-08T04:39:42","guid":{"rendered":"https:\/\/grupotextil.es\/producto\/pantalon-interlock-acanalado\/"},"modified":"2026-03-08T05:39:42","modified_gmt":"2026-03-08T04:39:42","slug":"pantalon-interlock-acanalado","status":"publish","type":"product","link":"https:\/\/grupotextil.es\/en\/product\/pantalon-interlock-acanalado\/","title":{"rendered":"Trouser Interlock acanalado"},"content":{"rendered":"<ul>\n<li>365 g\/m\u00b2<\/li>\n<li>80 % algod\u00f3n, hilado en anillos, 20 % poli\u00e9ster (interlock acanalado)<\/li>\n<li>Cintura el\u00e1stica con cord\u00f3n<\/li>\n<li>Bolsillos laterales con cremallera SBS<\/li>\n<li>Pu\u00f1os de canal\u00e9 con elastano.<\/li>\n<\/ul>","protected":false},"excerpt":{"rendered":"<p>365 g\/m\u00b280 % algod\u00f3n, hilado en anillos, 20 % poli\u00e9ster (interlock acanalado)Cintura el\u00e1stica con cord\u00f3nBolsillos laterales con cremallera SBSPu\u00f1os de canal\u00e9 con elastano.<\/p>","protected":false},"featured_media":428896,"comment_status":"open","ping_status":"closed","template":"","meta":{"_acf_changed":false},"product_brand":[11671],"product_cat":[13954,13990,13981,13974,13930,13975,13992,13983,13973],"product_tag":[],"class_list":{"0":"post-403364","1":"product","2":"type-product","3":"status-publish","4":"has-post-thumbnail","6":"product_brand-tee-jays","7":"product_cat-acc-bolsas-y-mochilas","8":"product_cat-m-chaquetas-y-abrigos","9":"product_cat-h-chaquetas-y-abrigos","10":"product_cat-ropa-hombre","11":"product_cat-laboral","12":"product_cat-ropa-mujer","13":"product_cat-m-pantalones","14":"product_cat-h-pantalones","15":"product_cat-ropa","16":"tm-no-options","18":"first","19":"instock","20":"taxable","21":"shipping-taxable","22":"product-type-variable"},"acf":[],"_links":{"self":[{"href":"https:\/\/grupotextil.es\/en\/wp-json\/wp\/v2\/product\/403364","targetHints":{"allow":["GET"]}}],"collection":[{"href":"https:\/\/grupotextil.es\/en\/wp-json\/wp\/v2\/product"}],"about":[{"href":"https:\/\/grupotextil.es\/en\/wp-json\/wp\/v2\/types\/product"}],"replies":[{"embeddable":true,"href":"https:\/\/grupotextil.es\/en\/wp-json\/wp\/v2\/comments?post=403364"}],"wp:featuredmedia":[{"embeddable":true,"href":"https:\/\/grupotextil.es\/en\/wp-json\/wp\/v2\/media\/428896"}],"wp:attachment":[{"href":"https:\/\/grupotextil.es\/en\/wp-json\/wp\/v2\/media?parent=403364"}],"wp:term":[{"taxonomy":"product_brand","embeddable":true,"href":"https:\/\/grupotextil.es\/en\/wp-json\/wp\/v2\/product_brand?post=403364"},{"taxonomy":"product_cat","embeddable":true,"href":"https:\/\/grupotextil.es\/en\/wp-json\/wp\/v2\/product_cat?post=403364"},{"taxonomy":"product_tag","embeddable":true,"href":"https:\/\/grupotextil.es\/en\/wp-json\/wp\/v2\/product_tag?post=403364"}],"curies":[{"name":"wp","href":"https:\/\/api.w.org\/{rel}","templated":true}]}}