{"id":403400,"date":"2026-03-08T05:39:45","date_gmt":"2026-03-08T04:39:45","guid":{"rendered":"https:\/\/grupotextil.es\/producto\/boutique-mini-accessory-case\/"},"modified":"2026-03-08T05:39:45","modified_gmt":"2026-03-08T04:39:45","slug":"boutique-mini-accessory-case","status":"publish","type":"product","link":"https:\/\/grupotextil.es\/en\/product\/boutique-mini-accessory-case\/","title":{"rendered":"Boutique Mini Accessory Case"},"content":{"rendered":"<ul>\n<li>100% Polyurethan (Lederoptik)<\/li>\n<li>Lederoptik mit Struktur (Saffiano)<\/li>\n<li>Weiches Innenfutter<\/li>\n<li>Hauptfach mit Zip<\/li>\n<li>Leicht umzuetikettieren<\/li>\n<li>Fassungsverm\u00f6gen: 0,5 Ltr.<\/li>\n<li>Ma\u00dfe: 22 x 5,5 x 4,5 cm<\/li>\n<li>Max. Druckfl\u00e4che: 18 x 4 cm.<\/li>\n<\/ul>","protected":false},"excerpt":{"rendered":"<p>100% Polyurethan (Lederoptik)Lederoptik mit Struktur (Saffiano)Weiches InnenfutterHauptfach mit ZipLeicht umzuetikettierenFassungsverm\u00f6gen: 0,5 Ltr.Ma\u00dfe: 22 x 5,5 x 4,5 cmMax. Druckfl\u00e4che: 18 x 4 cm.<\/p>","protected":false},"featured_media":428924,"comment_status":"open","ping_status":"closed","template":"","meta":{"_acf_changed":false},"product_brand":[11668],"product_cat":[13954,13981,13990,13974,13930,13975,13983,13992,13973],"product_tag":[],"class_list":{"0":"post-403400","1":"product","2":"type-product","3":"status-publish","4":"has-post-thumbnail","6":"product_brand-bag-base","7":"product_cat-acc-bolsas-y-mochilas","8":"product_cat-h-chaquetas-y-abrigos","9":"product_cat-m-chaquetas-y-abrigos","10":"product_cat-ropa-hombre","11":"product_cat-laboral","12":"product_cat-ropa-mujer","13":"product_cat-h-pantalones","14":"product_cat-m-pantalones","15":"product_cat-ropa","16":"tm-no-options","18":"first","19":"instock","20":"taxable","21":"shipping-taxable","22":"product-type-variable"},"acf":[],"_links":{"self":[{"href":"https:\/\/grupotextil.es\/en\/wp-json\/wp\/v2\/product\/403400","targetHints":{"allow":["GET"]}}],"collection":[{"href":"https:\/\/grupotextil.es\/en\/wp-json\/wp\/v2\/product"}],"about":[{"href":"https:\/\/grupotextil.es\/en\/wp-json\/wp\/v2\/types\/product"}],"replies":[{"embeddable":true,"href":"https:\/\/grupotextil.es\/en\/wp-json\/wp\/v2\/comments?post=403400"}],"wp:featuredmedia":[{"embeddable":true,"href":"https:\/\/grupotextil.es\/en\/wp-json\/wp\/v2\/media\/428924"}],"wp:attachment":[{"href":"https:\/\/grupotextil.es\/en\/wp-json\/wp\/v2\/media?parent=403400"}],"wp:term":[{"taxonomy":"product_brand","embeddable":true,"href":"https:\/\/grupotextil.es\/en\/wp-json\/wp\/v2\/product_brand?post=403400"},{"taxonomy":"product_cat","embeddable":true,"href":"https:\/\/grupotextil.es\/en\/wp-json\/wp\/v2\/product_cat?post=403400"},{"taxonomy":"product_tag","embeddable":true,"href":"https:\/\/grupotextil.es\/en\/wp-json\/wp\/v2\/product_tag?post=403400"}],"curies":[{"name":"wp","href":"https:\/\/api.w.org\/{rel}","templated":true}]}}