{"id":403668,"date":"2026-03-08T05:41:58","date_gmt":"2026-03-08T04:41:58","guid":{"rendered":"https:\/\/grupotextil.es\/producto\/parche-para-decoracion-molle\/"},"modified":"2026-03-08T05:41:58","modified_gmt":"2026-03-08T04:41:58","slug":"parche-para-decoracion-molle","status":"publish","type":"product","link":"https:\/\/grupotextil.es\/en\/product\/parche-para-decoracion-molle\/","title":{"rendered":"Parche para decoraci\u00f3n MOLLE"},"content":{"rendered":"<ul>\n<li>100% poli\u00e9ster (600D)<\/li>\n<li>Dise\u00f1ado para la decoraci\u00f3n<\/li>\n<li>Parche Rip-Strip \u2122 intercambiable para decoraci\u00f3n<\/li>\n<li>Compatible con todos los estilos BagBase\u00ae MOLLE<\/li>\n<li>Medidas: 10 x 7 cm<\/li>\n<li>Max. bordado: 9 aros tubulares<\/li>\n<li>Max. \u00c1rea de impresi\u00f3n: 9 x 6 cm<\/li>\n<\/ul>","protected":false},"excerpt":{"rendered":"<p>100% poli\u00e9ster (600D)Dise\u00f1ado para la decoraci\u00f3nParche Rip-Strip \u2122 intercambiable para decoraci\u00f3nCompatible con todos los estilos BagBase\u00ae MOLLEMedidas: 10 x 7 cmMax. bordado: 9 aros tubularesMax.<\/p>","protected":false},"featured_media":429043,"comment_status":"open","ping_status":"closed","template":"","meta":{"_acf_changed":false},"product_brand":[11668],"product_cat":[13954,13990,13981,13974,13930,13975,13992,13983,13973],"product_tag":[],"class_list":{"0":"post-403668","1":"product","2":"type-product","3":"status-publish","4":"has-post-thumbnail","6":"product_brand-bag-base","7":"product_cat-acc-bolsas-y-mochilas","8":"product_cat-m-chaquetas-y-abrigos","9":"product_cat-h-chaquetas-y-abrigos","10":"product_cat-ropa-hombre","11":"product_cat-laboral","12":"product_cat-ropa-mujer","13":"product_cat-m-pantalones","14":"product_cat-h-pantalones","15":"product_cat-ropa","16":"tm-no-options","18":"first","19":"instock","20":"taxable","21":"shipping-taxable","22":"product-type-variable"},"acf":[],"_links":{"self":[{"href":"https:\/\/grupotextil.es\/en\/wp-json\/wp\/v2\/product\/403668","targetHints":{"allow":["GET"]}}],"collection":[{"href":"https:\/\/grupotextil.es\/en\/wp-json\/wp\/v2\/product"}],"about":[{"href":"https:\/\/grupotextil.es\/en\/wp-json\/wp\/v2\/types\/product"}],"replies":[{"embeddable":true,"href":"https:\/\/grupotextil.es\/en\/wp-json\/wp\/v2\/comments?post=403668"}],"wp:featuredmedia":[{"embeddable":true,"href":"https:\/\/grupotextil.es\/en\/wp-json\/wp\/v2\/media\/429043"}],"wp:attachment":[{"href":"https:\/\/grupotextil.es\/en\/wp-json\/wp\/v2\/media?parent=403668"}],"wp:term":[{"taxonomy":"product_brand","embeddable":true,"href":"https:\/\/grupotextil.es\/en\/wp-json\/wp\/v2\/product_brand?post=403668"},{"taxonomy":"product_cat","embeddable":true,"href":"https:\/\/grupotextil.es\/en\/wp-json\/wp\/v2\/product_cat?post=403668"},{"taxonomy":"product_tag","embeddable":true,"href":"https:\/\/grupotextil.es\/en\/wp-json\/wp\/v2\/product_tag?post=403668"}],"curies":[{"name":"wp","href":"https:\/\/api.w.org\/{rel}","templated":true}]}}