{"id":403706,"date":"2026-03-08T05:42:01","date_gmt":"2026-03-08T04:42:01","guid":{"rendered":"https:\/\/grupotextil.es\/producto\/mochila-tactical-molle\/"},"modified":"2026-03-08T05:42:01","modified_gmt":"2026-03-08T04:42:01","slug":"mochila-tactical-molle","status":"publish","type":"product","link":"https:\/\/grupotextil.es\/en\/product\/mochila-tactical-molle\/","title":{"rendered":"Mochila Tactical MOLLE"},"content":{"rendered":"<ul>\n<li>100% poli\u00e9ster (600D)<\/li>\n<li>Dise\u00f1o militar<\/li>\n<li>Asas de mano y correas de compresi\u00f3n<\/li>\n<li>Correas ajustables y acolchadas<\/li>\n<li>Panel trasero acolchado<\/li>\n<li>Detalle de cinta MOLLE<\/li>\n<li>Compartimento principal con cremallera y bolsillo interno<\/li>\n<li>2 bolsillos delanteros grandes con cremallera<\/li>\n<li>Etiqueta extra\u00edble para facilitar el rebranding<\/li>\n<li>Compatible con el parche de utilidad MOLLE BG840 (955.29)<\/li>\n<li>Compatible con los multibolsillos Modulr \u2122 BG241 (934.29) y BG242 (935.29)<\/li>\n<li>Capacidad: 25 litros<\/li>\n<li>Medidas: 30 x 45 x 22 cm<\/li>\n<li>Max. bordado: 9 aros tubulares<\/li>\n<li>Max. \u00c1rea de impresi\u00f3n: 9 x 6 cm<\/li>\n<\/ul>","protected":false},"excerpt":{"rendered":"<p>100% poli\u00e9ster (600D)Dise\u00f1o militarAsas de mano y correas de compresi\u00f3nCorreas ajustables y acolchadasPanel trasero acolchadoDetalle de cinta MOLLECompartimento principal con cremallera y bolsillo &#8230;<\/p>","protected":false},"featured_media":429083,"comment_status":"open","ping_status":"closed","template":"","meta":{"_acf_changed":false},"product_brand":[11668],"product_cat":[13954,13981,13990,13974,13930,13975,13983,13992,13973],"product_tag":[],"class_list":{"0":"post-403706","1":"product","2":"type-product","3":"status-publish","4":"has-post-thumbnail","6":"product_brand-bag-base","7":"product_cat-acc-bolsas-y-mochilas","8":"product_cat-h-chaquetas-y-abrigos","9":"product_cat-m-chaquetas-y-abrigos","10":"product_cat-ropa-hombre","11":"product_cat-laboral","12":"product_cat-ropa-mujer","13":"product_cat-h-pantalones","14":"product_cat-m-pantalones","15":"product_cat-ropa","16":"tm-no-options","18":"first","19":"instock","20":"taxable","21":"shipping-taxable","22":"product-type-variable"},"acf":[],"_links":{"self":[{"href":"https:\/\/grupotextil.es\/en\/wp-json\/wp\/v2\/product\/403706","targetHints":{"allow":["GET"]}}],"collection":[{"href":"https:\/\/grupotextil.es\/en\/wp-json\/wp\/v2\/product"}],"about":[{"href":"https:\/\/grupotextil.es\/en\/wp-json\/wp\/v2\/types\/product"}],"replies":[{"embeddable":true,"href":"https:\/\/grupotextil.es\/en\/wp-json\/wp\/v2\/comments?post=403706"}],"wp:featuredmedia":[{"embeddable":true,"href":"https:\/\/grupotextil.es\/en\/wp-json\/wp\/v2\/media\/429083"}],"wp:attachment":[{"href":"https:\/\/grupotextil.es\/en\/wp-json\/wp\/v2\/media?parent=403706"}],"wp:term":[{"taxonomy":"product_brand","embeddable":true,"href":"https:\/\/grupotextil.es\/en\/wp-json\/wp\/v2\/product_brand?post=403706"},{"taxonomy":"product_cat","embeddable":true,"href":"https:\/\/grupotextil.es\/en\/wp-json\/wp\/v2\/product_cat?post=403706"},{"taxonomy":"product_tag","embeddable":true,"href":"https:\/\/grupotextil.es\/en\/wp-json\/wp\/v2\/product_tag?post=403706"}],"curies":[{"name":"wp","href":"https:\/\/api.w.org\/{rel}","templated":true}]}}