{"id":403798,"date":"2026-03-08T05:42:46","date_gmt":"2026-03-08T04:42:46","guid":{"rendered":"https:\/\/grupotextil.es\/producto\/roma-delantal-de-longitud-media-con-bolsillo\/"},"modified":"2026-03-08T05:42:46","modified_gmt":"2026-03-08T04:42:46","slug":"roma-delantal-de-longitud-media-con-bolsillo","status":"publish","type":"product","link":"https:\/\/grupotextil.es\/en\/product\/roma-delantal-de-longitud-media-con-bolsillo\/","title":{"rendered":"ROMA &#8211; Apron de longitud media con bolsillo"},"content":{"rendered":"<ul>\n<li>205 g\/m\u00b2<\/li>\n<li>65% poli\u00e9ster, 35% algod\u00f3n<\/li>\n<li>Colorfast, solidez del color<\/li>\n<li>Cuidado f\u00e1cil<\/li>\n<li>Colorante te\u00f1ido reactivo resistente<\/li>\n<li>Delantal resistente con lazos en la cintura<\/li>\n<li>Gran bolsillo central con 2 compartimentos (40 x 20 cm)<\/li>\n<li>Longitud mediana<\/li>\n<li>Medidas: 100 x 78 cm<\/li>\n<li>Lavable hasta 60\u00b0C<\/li>\n<\/ul>","protected":false},"excerpt":{"rendered":"<p>205 g\/m\u00b265% poli\u00e9ster, 35% algod\u00f3nColorfast, solidez del colorCuidado f\u00e1cilColorante te\u00f1ido reactivo resistenteDelantal resistente con lazos en la cinturaGran bolsillo central con 2 compartimentos (40<\/p>","protected":false},"featured_media":429136,"comment_status":"open","ping_status":"closed","template":"","meta":{"_acf_changed":false},"product_brand":[11683],"product_cat":[13954,13990,13981,13974,13930,13975,13983,13992,13973],"product_tag":[],"class_list":{"0":"post-403798","1":"product","2":"type-product","3":"status-publish","4":"has-post-thumbnail","6":"product_brand-sg-accessories-bistro","7":"product_cat-acc-bolsas-y-mochilas","8":"product_cat-m-chaquetas-y-abrigos","9":"product_cat-h-chaquetas-y-abrigos","10":"product_cat-ropa-hombre","11":"product_cat-laboral","12":"product_cat-ropa-mujer","13":"product_cat-h-pantalones","14":"product_cat-m-pantalones","15":"product_cat-ropa","16":"tm-no-options","18":"first","19":"instock","20":"taxable","21":"shipping-taxable","22":"product-type-variable"},"acf":[],"_links":{"self":[{"href":"https:\/\/grupotextil.es\/en\/wp-json\/wp\/v2\/product\/403798","targetHints":{"allow":["GET"]}}],"collection":[{"href":"https:\/\/grupotextil.es\/en\/wp-json\/wp\/v2\/product"}],"about":[{"href":"https:\/\/grupotextil.es\/en\/wp-json\/wp\/v2\/types\/product"}],"replies":[{"embeddable":true,"href":"https:\/\/grupotextil.es\/en\/wp-json\/wp\/v2\/comments?post=403798"}],"wp:featuredmedia":[{"embeddable":true,"href":"https:\/\/grupotextil.es\/en\/wp-json\/wp\/v2\/media\/429136"}],"wp:attachment":[{"href":"https:\/\/grupotextil.es\/en\/wp-json\/wp\/v2\/media?parent=403798"}],"wp:term":[{"taxonomy":"product_brand","embeddable":true,"href":"https:\/\/grupotextil.es\/en\/wp-json\/wp\/v2\/product_brand?post=403798"},{"taxonomy":"product_cat","embeddable":true,"href":"https:\/\/grupotextil.es\/en\/wp-json\/wp\/v2\/product_cat?post=403798"},{"taxonomy":"product_tag","embeddable":true,"href":"https:\/\/grupotextil.es\/en\/wp-json\/wp\/v2\/product_tag?post=403798"}],"curies":[{"name":"wp","href":"https:\/\/api.w.org\/{rel}","templated":true}]}}