{"id":403810,"date":"2026-03-08T05:42:48","date_gmt":"2026-03-08T04:42:48","guid":{"rendered":"https:\/\/grupotextil.es\/producto\/bolsa-de-tela-oversize-tenido-garment\/"},"modified":"2026-03-08T05:42:48","modified_gmt":"2026-03-08T04:42:48","slug":"bolsa-de-tela-oversize-tenido-garment","status":"publish","type":"product","link":"https:\/\/grupotextil.es\/en\/product\/bolsa-de-tela-oversize-tenido-garment\/","title":{"rendered":"Bag Fabric Oversized Garment Dyed"},"content":{"rendered":"<ul>\n<li>407 g\/m\u00b2<\/li>\n<li>100 % algod\u00f3n (reciclado)<\/li>\n<li>Contiene 100 % algod\u00f3n reciclado certificado GRS (certificado por Control Union CU811033)<\/li>\n<li>Acabado con efecto lavado<\/li>\n<li>Construcci\u00f3n en lona resistente<\/li>\n<li>Capacidad extra grande<\/li>\n<li>Asas de cinta de algod\u00f3n para m\u00e1xima comodidad<\/li>\n<li>Se puede llevar en la mano o sobre el hombro<\/li>\n<li>Etiqueta extra\u00edble para facilitar el cambio de marca<\/li>\n<li>Debido al proceso de te\u00f1ido de la prenda, cada color es \u00fanico y puede presentar variaciones con posible desgaste del tono con el tiempo<\/li>\n<li>Capacidad: 36 litros<\/li>\n<li>Dimensiones: 56 x 41 x 16 cm<\/li>\n<\/ul>","protected":false},"excerpt":{"rendered":"<p>407 g\/m\u00b2100 % algod\u00f3n (reciclado)Contiene 100 % algod\u00f3n reciclado certificado GRS (certificado por Control Union CU811033)Acabado con efecto lavadoConstrucci\u00f3n en lona resistenteCapacidad extra grande<\/p>","protected":false},"featured_media":429142,"comment_status":"open","ping_status":"closed","template":"","meta":{"_acf_changed":false},"product_brand":[11680],"product_cat":[13954,13990,13981,13974,13930,13975,13983,13992,13973],"product_tag":[14010],"class_list":{"0":"post-403810","1":"product","2":"type-product","3":"status-publish","4":"has-post-thumbnail","6":"product_brand-westford-mill","7":"product_cat-acc-bolsas-y-mochilas","8":"product_cat-m-chaquetas-y-abrigos","9":"product_cat-h-chaquetas-y-abrigos","10":"product_cat-ropa-hombre","11":"product_cat-laboral","12":"product_cat-ropa-mujer","13":"product_cat-h-pantalones","14":"product_cat-m-pantalones","15":"product_cat-ropa","16":"product_tag-nuevo-2026","17":"tm-no-options","19":"first","20":"instock","21":"taxable","22":"shipping-taxable","23":"product-type-variable"},"acf":[],"_links":{"self":[{"href":"https:\/\/grupotextil.es\/en\/wp-json\/wp\/v2\/product\/403810","targetHints":{"allow":["GET"]}}],"collection":[{"href":"https:\/\/grupotextil.es\/en\/wp-json\/wp\/v2\/product"}],"about":[{"href":"https:\/\/grupotextil.es\/en\/wp-json\/wp\/v2\/types\/product"}],"replies":[{"embeddable":true,"href":"https:\/\/grupotextil.es\/en\/wp-json\/wp\/v2\/comments?post=403810"}],"wp:featuredmedia":[{"embeddable":true,"href":"https:\/\/grupotextil.es\/en\/wp-json\/wp\/v2\/media\/429142"}],"wp:attachment":[{"href":"https:\/\/grupotextil.es\/en\/wp-json\/wp\/v2\/media?parent=403810"}],"wp:term":[{"taxonomy":"product_brand","embeddable":true,"href":"https:\/\/grupotextil.es\/en\/wp-json\/wp\/v2\/product_brand?post=403810"},{"taxonomy":"product_cat","embeddable":true,"href":"https:\/\/grupotextil.es\/en\/wp-json\/wp\/v2\/product_cat?post=403810"},{"taxonomy":"product_tag","embeddable":true,"href":"https:\/\/grupotextil.es\/en\/wp-json\/wp\/v2\/product_tag?post=403810"}],"curies":[{"name":"wp","href":"https:\/\/api.w.org\/{rel}","templated":true}]}}