{"id":403856,"date":"2026-03-08T05:42:52","date_gmt":"2026-03-08T04:42:52","guid":{"rendered":"https:\/\/grupotextil.es\/producto\/mochila-reciclada-mini-doble-asa-roll-top\/"},"modified":"2026-03-08T05:42:52","modified_gmt":"2026-03-08T04:42:52","slug":"mochila-reciclada-mini-doble-asa-roll-top","status":"publish","type":"product","link":"https:\/\/grupotextil.es\/en\/product\/mochila-reciclada-mini-doble-asa-roll-top\/","title":{"rendered":"Mochila reciclado Mini doble asa Roll-Top"},"content":{"rendered":"<ul>\n<li>100% poli\u00e9ster (reciclado, 300D)<\/li>\n<li>Asas de mano<\/li>\n<li>Cierre enrollable<\/li>\n<li>Correas de hombro ajustables<\/li>\n<li>Panel trasero acolchado<\/li>\n<li>Poli\u00e9ster reciclado de aproximadamente 6 botellas<\/li>\n<li>Bolsillo frontal dise\u00f1ado para una decoraci\u00f3n sencilla<\/li>\n<li>Bolsillo externo para botella<\/li>\n<li>Etiqueta extra\u00edble<\/li>\n<li>Capacidad: 9 litros<\/li>\n<li>Dimensiones: 23x32x11 cm<\/li>\n<li>Max. bordado: 14 aro tubular<\/li>\n<li>Max. \u00e1rea de impresi\u00f3n: 19&#215;14 cm<\/li>\n<\/ul>","protected":false},"excerpt":{"rendered":"<p>100% poli\u00e9ster (reciclado, 300D)Asas de manoCierre enrollableCorreas de hombro ajustablesPanel trasero acolchadoPoli\u00e9ster reciclado de aproximadamente 6 botellasBolsillo frontal dise\u00f1ado para una d&#8230;<\/p>","protected":false},"featured_media":429189,"comment_status":"open","ping_status":"closed","template":"","meta":{"_acf_changed":false},"product_brand":[11668],"product_cat":[13954,13950,13974,13932,13930,13975,13973],"product_tag":[],"class_list":{"0":"post-403856","1":"product","2":"type-product","3":"status-publish","4":"has-post-thumbnail","6":"product_brand-bag-base","7":"product_cat-acc-bolsas-y-mochilas","8":"product_cat-gorros-y-beanies","9":"product_cat-ropa-hombre","10":"product_cat-hosteleria-horeca","11":"product_cat-laboral","12":"product_cat-ropa-mujer","13":"product_cat-ropa","14":"tm-no-options","16":"first","17":"instock","18":"taxable","19":"shipping-taxable","20":"product-type-variable"},"acf":[],"_links":{"self":[{"href":"https:\/\/grupotextil.es\/en\/wp-json\/wp\/v2\/product\/403856","targetHints":{"allow":["GET"]}}],"collection":[{"href":"https:\/\/grupotextil.es\/en\/wp-json\/wp\/v2\/product"}],"about":[{"href":"https:\/\/grupotextil.es\/en\/wp-json\/wp\/v2\/types\/product"}],"replies":[{"embeddable":true,"href":"https:\/\/grupotextil.es\/en\/wp-json\/wp\/v2\/comments?post=403856"}],"wp:featuredmedia":[{"embeddable":true,"href":"https:\/\/grupotextil.es\/en\/wp-json\/wp\/v2\/media\/429189"}],"wp:attachment":[{"href":"https:\/\/grupotextil.es\/en\/wp-json\/wp\/v2\/media?parent=403856"}],"wp:term":[{"taxonomy":"product_brand","embeddable":true,"href":"https:\/\/grupotextil.es\/en\/wp-json\/wp\/v2\/product_brand?post=403856"},{"taxonomy":"product_cat","embeddable":true,"href":"https:\/\/grupotextil.es\/en\/wp-json\/wp\/v2\/product_cat?post=403856"},{"taxonomy":"product_tag","embeddable":true,"href":"https:\/\/grupotextil.es\/en\/wp-json\/wp\/v2\/product_tag?post=403856"}],"curies":[{"name":"wp","href":"https:\/\/api.w.org\/{rel}","templated":true}]}}