{"id":404392,"date":"2026-03-08T05:46:07","date_gmt":"2026-03-08T04:46:07","guid":{"rendered":"https:\/\/grupotextil.es\/producto\/chaqueta-shell-x-pro-exosphere-ii\/"},"modified":"2026-03-08T05:46:07","modified_gmt":"2026-03-08T04:46:07","slug":"chaqueta-shell-x-pro-exosphere-ii","status":"publish","type":"product","link":"https:\/\/grupotextil.es\/en\/product\/chaqueta-shell-x-pro-exosphere-ii\/","title":{"rendered":"Jacket Shell X-Pro Exosphere II"},"content":{"rendered":"<ul>\n<li>100% Poli\u00e9ster reciclado parcialmente (Isotex 10000 impermeable y transpirable)<\/li>\n<li>Panel de revestimiento termo-reflectante para retenci\u00f3n de calor<\/li>\n<li>Forro de malla de poli\u00e9ster<\/li>\n<li>Protecci\u00f3n de bolsillo RFID<\/li>\n<li>Capucha oculta con ajustadores<\/li>\n<li>2 bolsillos inferiores con cremallera y bolsillo en el pecho impermeable<\/li>\n<li>Bolsillo en la manga con cremallera de alta tecnolog\u00eda resistente al agua<\/li>\n<li>Solapa interior, costuras selladas<\/li>\n<li>Pu\u00f1os ajustables y dobladillo con cord\u00f3n<\/li>\n<li>Detalles reflectantes para una mejor visibilidad<\/li>\n<li>Cumple con EN343: 2003A1: 2007 Class3: 2<\/li>\n<\/ul>","protected":false},"excerpt":{"rendered":"<p>100% Poli\u00e9ster reciclado parcialmente (Isotex 10000 impermeable y transpirable)Panel de revestimiento termo-reflectante para retenci\u00f3n de calorForro de malla de poli\u00e9sterProtecci\u00f3n de bolsillo RFIDCap<\/p>","protected":false},"featured_media":429479,"comment_status":"open","ping_status":"closed","template":"","meta":{"_acf_changed":false},"product_brand":[11656],"product_cat":[13948,13954,13939,13950,13974,13932,13930,13975,13983,13992,13973],"product_tag":[],"class_list":{"0":"post-404392","1":"product","2":"type-product","3":"status-publish","4":"has-post-thumbnail","6":"product_brand-regatta","7":"product_cat-accesorios","8":"product_cat-acc-bolsas-y-mochilas","9":"product_cat-deportivo","10":"product_cat-gorros-y-beanies","11":"product_cat-ropa-hombre","12":"product_cat-hosteleria-horeca","13":"product_cat-laboral","14":"product_cat-ropa-mujer","15":"product_cat-h-pantalones","16":"product_cat-m-pantalones","17":"product_cat-ropa","18":"tm-no-options","20":"first","21":"instock","22":"taxable","23":"shipping-taxable","24":"product-type-variable"},"acf":[],"_links":{"self":[{"href":"https:\/\/grupotextil.es\/en\/wp-json\/wp\/v2\/product\/404392","targetHints":{"allow":["GET"]}}],"collection":[{"href":"https:\/\/grupotextil.es\/en\/wp-json\/wp\/v2\/product"}],"about":[{"href":"https:\/\/grupotextil.es\/en\/wp-json\/wp\/v2\/types\/product"}],"replies":[{"embeddable":true,"href":"https:\/\/grupotextil.es\/en\/wp-json\/wp\/v2\/comments?post=404392"}],"wp:featuredmedia":[{"embeddable":true,"href":"https:\/\/grupotextil.es\/en\/wp-json\/wp\/v2\/media\/429479"}],"wp:attachment":[{"href":"https:\/\/grupotextil.es\/en\/wp-json\/wp\/v2\/media?parent=404392"}],"wp:term":[{"taxonomy":"product_brand","embeddable":true,"href":"https:\/\/grupotextil.es\/en\/wp-json\/wp\/v2\/product_brand?post=404392"},{"taxonomy":"product_cat","embeddable":true,"href":"https:\/\/grupotextil.es\/en\/wp-json\/wp\/v2\/product_cat?post=404392"},{"taxonomy":"product_tag","embeddable":true,"href":"https:\/\/grupotextil.es\/en\/wp-json\/wp\/v2\/product_tag?post=404392"}],"curies":[{"name":"wp","href":"https:\/\/api.w.org\/{rel}","templated":true}]}}