{"id":404432,"date":"2026-03-08T05:46:10","date_gmt":"2026-03-08T04:46:10","guid":{"rendered":"https:\/\/grupotextil.es\/producto\/calcetines-deportivos-tecnicos\/"},"modified":"2026-03-08T05:46:10","modified_gmt":"2026-03-08T04:46:10","slug":"calcetines-deportivos-tecnicos","status":"publish","type":"product","link":"https:\/\/grupotextil.es\/en\/product\/calcetines-deportivos-tecnicos\/","title":{"rendered":"Socks deportivos t\u00e9cnicos"},"content":{"rendered":"<ul>\n<li>96% nylon, 4% elastano<\/li>\n<li>Secado r\u00e1pido<\/li>\n<li>Punto de larga duraci\u00f3n, longitud hasta el tobillo<\/li>\n<li>Nervadura en el pu\u00f1o<\/li>\n<li>Tal\u00f3n y punta acolchados<\/li>\n<li>Forma anat\u00f3mica con refuerzo para una protecci\u00f3n y compresi\u00f3n \u00f3ptimas<\/li>\n<li>Estrat\u00e9gica doble capa de impacto amortiguador.<\/li>\n<\/ul>","protected":false},"excerpt":{"rendered":"<p>96% nylon, 4% elastanoSecado r\u00e1pidoPunto de larga duraci\u00f3n, longitud hasta el tobilloNervadura en el pu\u00f1oTal\u00f3n y punta acolchadosForma anat\u00f3mica con refuerzo para una protecci\u00f3n y compresi\u00f3n \u00f3ptima&#8230;<\/p>","protected":false},"featured_media":429517,"comment_status":"open","ping_status":"closed","template":"","meta":{"_acf_changed":false},"product_brand":[11669],"product_cat":[13948,13954,13939,13950,13974,13932,13930,13975,13983,13992,13973],"product_tag":[],"class_list":{"0":"post-404432","1":"product","2":"type-product","3":"status-publish","4":"has-post-thumbnail","6":"product_brand-result","7":"product_cat-accesorios","8":"product_cat-acc-bolsas-y-mochilas","9":"product_cat-deportivo","10":"product_cat-gorros-y-beanies","11":"product_cat-ropa-hombre","12":"product_cat-hosteleria-horeca","13":"product_cat-laboral","14":"product_cat-ropa-mujer","15":"product_cat-h-pantalones","16":"product_cat-m-pantalones","17":"product_cat-ropa","18":"tm-no-options","20":"first","21":"instock","22":"taxable","23":"shipping-taxable","24":"product-type-variable"},"acf":[],"_links":{"self":[{"href":"https:\/\/grupotextil.es\/en\/wp-json\/wp\/v2\/product\/404432","targetHints":{"allow":["GET"]}}],"collection":[{"href":"https:\/\/grupotextil.es\/en\/wp-json\/wp\/v2\/product"}],"about":[{"href":"https:\/\/grupotextil.es\/en\/wp-json\/wp\/v2\/types\/product"}],"replies":[{"embeddable":true,"href":"https:\/\/grupotextil.es\/en\/wp-json\/wp\/v2\/comments?post=404432"}],"wp:featuredmedia":[{"embeddable":true,"href":"https:\/\/grupotextil.es\/en\/wp-json\/wp\/v2\/media\/429517"}],"wp:attachment":[{"href":"https:\/\/grupotextil.es\/en\/wp-json\/wp\/v2\/media?parent=404432"}],"wp:term":[{"taxonomy":"product_brand","embeddable":true,"href":"https:\/\/grupotextil.es\/en\/wp-json\/wp\/v2\/product_brand?post=404432"},{"taxonomy":"product_cat","embeddable":true,"href":"https:\/\/grupotextil.es\/en\/wp-json\/wp\/v2\/product_cat?post=404432"},{"taxonomy":"product_tag","embeddable":true,"href":"https:\/\/grupotextil.es\/en\/wp-json\/wp\/v2\/product_tag?post=404432"}],"curies":[{"name":"wp","href":"https:\/\/api.w.org\/{rel}","templated":true}]}}