{"id":404453,"date":"2026-03-08T05:46:11","date_gmt":"2026-03-08T04:46:11","guid":{"rendered":"https:\/\/grupotextil.es\/producto\/calcetines-deportivos-a-rayas-pack-de-3\/"},"modified":"2026-03-08T05:46:11","modified_gmt":"2026-03-08T04:46:11","slug":"calcetines-deportivos-a-rayas-pack-de-3","status":"publish","type":"product","link":"https:\/\/grupotextil.es\/en\/product\/calcetines-deportivos-a-rayas-pack-de-3\/","title":{"rendered":"Socks deportivos a rayas, pack de 3"},"content":{"rendered":"<ul>\n<li>97% poli\u00e9ster, 3% elastano<\/li>\n<li>Secado r\u00e1pido<\/li>\n<li>Color contrastado<\/li>\n<li>Pu\u00f1o de tobillo con costuras para un ajuste seguro<\/li>\n<li>Tac\u00f3n y punta acolchada<\/li>\n<li>1 pack = 1 par en blanco \/ gris \/ azul, 1 par en gris \/ negro \/ blanco y 1 par en negro \/ gris \/ blanco<\/li>\n<\/ul>","protected":false},"excerpt":{"rendered":"<p>97% poli\u00e9ster, 3% elastanoSecado r\u00e1pidoColor contrastadoPu\u00f1o de tobillo con costuras para un ajuste seguroTac\u00f3n y punta acolchada1 pack = 1 par en blanco \/ gris \/ azul, 1 par en gris \/ negro \/ blanco<\/p>","protected":false},"featured_media":429538,"comment_status":"open","ping_status":"closed","template":"","meta":{"_acf_changed":false},"product_brand":[11669],"product_cat":[13948,13954,13939,13950,13974,13932,13930,13975,13983,13992,13973],"product_tag":[],"class_list":{"0":"post-404453","1":"product","2":"type-product","3":"status-publish","4":"has-post-thumbnail","6":"product_brand-result","7":"product_cat-accesorios","8":"product_cat-acc-bolsas-y-mochilas","9":"product_cat-deportivo","10":"product_cat-gorros-y-beanies","11":"product_cat-ropa-hombre","12":"product_cat-hosteleria-horeca","13":"product_cat-laboral","14":"product_cat-ropa-mujer","15":"product_cat-h-pantalones","16":"product_cat-m-pantalones","17":"product_cat-ropa","18":"tm-no-options","20":"first","21":"instock","22":"taxable","23":"shipping-taxable","24":"product-type-variable"},"acf":[],"_links":{"self":[{"href":"https:\/\/grupotextil.es\/en\/wp-json\/wp\/v2\/product\/404453","targetHints":{"allow":["GET"]}}],"collection":[{"href":"https:\/\/grupotextil.es\/en\/wp-json\/wp\/v2\/product"}],"about":[{"href":"https:\/\/grupotextil.es\/en\/wp-json\/wp\/v2\/types\/product"}],"replies":[{"embeddable":true,"href":"https:\/\/grupotextil.es\/en\/wp-json\/wp\/v2\/comments?post=404453"}],"wp:featuredmedia":[{"embeddable":true,"href":"https:\/\/grupotextil.es\/en\/wp-json\/wp\/v2\/media\/429538"}],"wp:attachment":[{"href":"https:\/\/grupotextil.es\/en\/wp-json\/wp\/v2\/media?parent=404453"}],"wp:term":[{"taxonomy":"product_brand","embeddable":true,"href":"https:\/\/grupotextil.es\/en\/wp-json\/wp\/v2\/product_brand?post=404453"},{"taxonomy":"product_cat","embeddable":true,"href":"https:\/\/grupotextil.es\/en\/wp-json\/wp\/v2\/product_cat?post=404453"},{"taxonomy":"product_tag","embeddable":true,"href":"https:\/\/grupotextil.es\/en\/wp-json\/wp\/v2\/product_tag?post=404453"}],"curies":[{"name":"wp","href":"https:\/\/api.w.org\/{rel}","templated":true}]}}