{"id":404511,"date":"2026-03-08T05:46:41","date_gmt":"2026-03-08T04:46:41","guid":{"rendered":"https:\/\/grupotextil.es\/producto\/parche-extraible-de-algodon\/"},"modified":"2026-03-08T05:46:41","modified_gmt":"2026-03-08T04:46:41","slug":"parche-extraible-de-algodon","status":"publish","type":"product","link":"https:\/\/grupotextil.es\/en\/product\/parche-extraible-de-algodon\/","title":{"rendered":"Parche extra\u00edble Cotton"},"content":{"rendered":"<ul>\n<li>100% algod\u00f3n (sarga)<\/li>\n<li>Dise\u00f1ado para la decoraci\u00f3n<\/li>\n<li>Reverso completo Rip-Strip \u2122 para cualquier accesorio<\/li>\n<li>Compatible con todos los parches removibles Beechfield\u00ae<\/li>\n<li>Dimensiones: 10 x 6,5cm<\/li>\n<li>Max. \u00e1rea de impresi\u00f3n: 9 x 5,5cm<\/li>\n<\/ul>","protected":false},"excerpt":{"rendered":"<p>100% algod\u00f3n (sarga)Dise\u00f1ado para la decoraci\u00f3nReverso completo Rip-Strip \u2122 para cualquier accesorioCompatible con todos los parches removibles Beechfield\u00aeDimensiones: 10 x 6,5cmMax.<\/p>","protected":false},"featured_media":429615,"comment_status":"open","ping_status":"closed","template":"","meta":{"_acf_changed":false},"product_brand":[11655],"product_cat":[13948,13954,13939,13950,13974,13932,13930,13975,13983,13992,13973],"product_tag":[],"class_list":{"0":"post-404511","1":"product","2":"type-product","3":"status-publish","4":"has-post-thumbnail","6":"product_brand-beechfield","7":"product_cat-accesorios","8":"product_cat-acc-bolsas-y-mochilas","9":"product_cat-deportivo","10":"product_cat-gorros-y-beanies","11":"product_cat-ropa-hombre","12":"product_cat-hosteleria-horeca","13":"product_cat-laboral","14":"product_cat-ropa-mujer","15":"product_cat-h-pantalones","16":"product_cat-m-pantalones","17":"product_cat-ropa","18":"tm-no-options","20":"first","21":"instock","22":"taxable","23":"shipping-taxable","24":"product-type-variable"},"acf":[],"_links":{"self":[{"href":"https:\/\/grupotextil.es\/en\/wp-json\/wp\/v2\/product\/404511","targetHints":{"allow":["GET"]}}],"collection":[{"href":"https:\/\/grupotextil.es\/en\/wp-json\/wp\/v2\/product"}],"about":[{"href":"https:\/\/grupotextil.es\/en\/wp-json\/wp\/v2\/types\/product"}],"replies":[{"embeddable":true,"href":"https:\/\/grupotextil.es\/en\/wp-json\/wp\/v2\/comments?post=404511"}],"wp:featuredmedia":[{"embeddable":true,"href":"https:\/\/grupotextil.es\/en\/wp-json\/wp\/v2\/media\/429615"}],"wp:attachment":[{"href":"https:\/\/grupotextil.es\/en\/wp-json\/wp\/v2\/media?parent=404511"}],"wp:term":[{"taxonomy":"product_brand","embeddable":true,"href":"https:\/\/grupotextil.es\/en\/wp-json\/wp\/v2\/product_brand?post=404511"},{"taxonomy":"product_cat","embeddable":true,"href":"https:\/\/grupotextil.es\/en\/wp-json\/wp\/v2\/product_cat?post=404511"},{"taxonomy":"product_tag","embeddable":true,"href":"https:\/\/grupotextil.es\/en\/wp-json\/wp\/v2\/product_tag?post=404511"}],"curies":[{"name":"wp","href":"https:\/\/api.w.org\/{rel}","templated":true}]}}